{"id":3300,"date":"2019-02-04T17:03:14","date_gmt":"2019-02-04T16:03:14","guid":{"rendered":"http:\/\/www.kremacezviratostrava.cz\/shop\/?post_type=product&#038;p=3300"},"modified":"2019-02-13T18:32:21","modified_gmt":"2019-02-13T17:32:21","slug":"laser-portret","status":"publish","type":"product","link":"http:\/\/www.kremacezviratostrava.cz\/shop\/produkt\/laser-portret\/","title":{"rendered":"Laser portr\u00e9t"},"content":{"rendered":"<p>Pam\u00e1te\u010dn\u00ed optick\u00e9 sklo s&nbsp;laserovan\u00fdm portr\u00e9tem a&nbsp;pram\u00ednkem srsti. Jedn\u00e1 se o&nbsp;hranol optick\u00e9ho skla, ve&nbsp;kter\u00e9m je pram\u00ednek srsti neprody\u0161n\u011b uzav\u0159en. Samotn\u00fd portr\u00e9t je vyp\u00e1len pomoc\u00ed speci\u00e1ln\u00edho laseru do&nbsp;st\u0159edu skla, kde z\u00edsk\u00e1v\u00e1 velmi detailn\u00ed podobu v&nbsp;m\u00edrn\u00e9m 3D zobrazen\u00ed. V\u00fdrobek obsahuje krabi\u010dku se sat\u00e9nem.<\/p>\n<p><strong>Rozm\u011bry:<\/strong>\u00a0\u0161\u00ed\u0159ka 9 cm; v\u00fd\u0161ka 9 cm; hloubka 3 cm; hmotnost 0,53&nbsp;kg<\/p>\n<p><strong>Text:<\/strong>\u00a0ANO<\/p>\n<p><strong>Um\u00edst\u011bn\u00ed:<\/strong>\u00a0Interi\u00e9r<\/p>\n<p><strong>Extra:<\/strong>\u00a0Portr\u00e9t a&nbsp;text na&nbsp;zadn\u00ed st\u011bnu v&nbsp;cen\u011b<\/p>\n<p><strong>Data:<\/strong>\u00a0Fotografii je nutno zaslat na&nbsp;na\u0161\u00ed emailovou adresu v&nbsp;co nejlep\u0161\u00edm rozli\u0161en\u00ed. Kvalita obr\u00e1zku ovliv\u0148uje celkov\u00fd v\u00fdsledek laseru.<\/p>\n","protected":false},"excerpt":{"rendered":"<p>Laser portr\u00e9t<br \/>\n&nbsp;<br \/>\n<strong>Optick\u00e9 sklo s&nbsp;portr\u00e9tem<\/strong><br \/>\nrozm\u011br 9 x 9 x 3 cm; hmotnost 0,53&nbsp;kg<br \/>\n<span style=\"color: #ce534d;\">Zak\u00e1zkov\u00e1 v\u00fdroba<\/span>&hellip; <a class=\"kt-excerpt-readmore more-link\" href=\"http:\/\/www.kremacezviratostrava.cz\/shop\/produkt\/laser-portret\/\">\u010ct\u011bte v\u00edce<\/a><\/p>\n","protected":false},"featured_media":3301,"comment_status":"open","ping_status":"closed","template":"","meta":[],"product_cat":[74,89],"product_tag":[211],"_links":{"self":[{"href":"http:\/\/www.kremacezviratostrava.cz\/shop\/wp-json\/wp\/v2\/product\/3300"}],"collection":[{"href":"http:\/\/www.kremacezviratostrava.cz\/shop\/wp-json\/wp\/v2\/product"}],"about":[{"href":"http:\/\/www.kremacezviratostrava.cz\/shop\/wp-json\/wp\/v2\/types\/product"}],"replies":[{"embeddable":true,"href":"http:\/\/www.kremacezviratostrava.cz\/shop\/wp-json\/wp\/v2\/comments?post=3300"}],"wp:featuredmedia":[{"embeddable":true,"href":"http:\/\/www.kremacezviratostrava.cz\/shop\/wp-json\/wp\/v2\/media\/3301"}],"wp:attachment":[{"href":"http:\/\/www.kremacezviratostrava.cz\/shop\/wp-json\/wp\/v2\/media?parent=3300"}],"wp:term":[{"taxonomy":"product_cat","embeddable":true,"href":"http:\/\/www.kremacezviratostrava.cz\/shop\/wp-json\/wp\/v2\/product_cat?post=3300"},{"taxonomy":"product_tag","embeddable":true,"href":"http:\/\/www.kremacezviratostrava.cz\/shop\/wp-json\/wp\/v2\/product_tag?post=3300"}],"curies":[{"name":"wp","href":"https:\/\/api.w.org\/{rel}","templated":true}]}}