{"id":3141,"date":"2019-02-04T12:32:46","date_gmt":"2019-02-04T11:32:46","guid":{"rendered":"http:\/\/www.kremacezviratostrava.cz\/shop\/?post_type=product&#038;p=3141"},"modified":"2019-02-13T18:32:27","modified_gmt":"2019-02-13T17:32:27","slug":"naramek","status":"publish","type":"product","link":"http:\/\/www.kremacezviratostrava.cz\/shop\/produkt\/naramek\/","title":{"rendered":"N\u00e1ramek"},"content":{"rendered":"<p>P\u00e1nsk\u00fd n\u00e1ramek z&nbsp;kolekce See You je vyroben z&nbsp;kvalitn\u00edho st\u0159\u00edbra 925\/1000 a&nbsp;k\u016f\u017ee. P\u0159edn\u00ed strana je vypln\u011bna zataven\u00fdm popelem nebo pram\u00ednkem srsti do&nbsp;speci\u00e1ln\u00ed prysky\u0159ice. Samotn\u00e1 prysky\u0159ice je mo\u017en\u00e1 zabarvit do&nbsp;deseti odst\u00edn\u016f. Polotovary \u0161perk\u016f dod\u00e1v\u00e1 exkluzivn\u011b Holandsk\u00e1 spole\u010dnost See You Memorial Jewelry. Samotn\u00e9 zataven\u00ed popela \u010di pram\u00ednku srsti prov\u00e1d\u00ed v\u00fdhradn\u011b spole\u010dnost Memory Crystal.<\/p>\n<p><strong>Barva k\u016f\u017ee:<\/strong> \u010cern\u00e1, Tmav\u011bmodr\u00e1, Hn\u011bd\u00e1, \u010cervenohn\u011bd\u00e1, Okrov\u00e1<\/p>\n<p><strong>Rozm\u011bry:<\/strong> d\u00e9lka 21 cm (mo\u017enost zkr\u00e1cen\u00ed)<\/p>\n<p><strong>Text:<\/strong>\u00a0NE<\/p>\n<p><strong>Dutina na&nbsp;popel:<\/strong>\u00a0NE<\/p>\n<p><strong>Materi\u00e1l: <\/strong>St\u0159\u00edbro 925\/1000, K\u016f\u017ee<\/p>\n<p>&nbsp;<\/p>\n<p><img src=\"\/shop\/wp-content\/uploads\/2019\/02\/barevne_variace.jpg\" class=\"img-responsive\" alt=\" berevn\u00e9 variace\"\/><\/p>\n","protected":false},"excerpt":{"rendered":"<p>N\u00e1ramek se zataven\u00fdm popelem<br \/>\n&nbsp;<br \/>\nd\u00e9lka 21 cm<br \/>\n<span style=\"color: #ce534d;\">Zak\u00e1zkov\u00e1 v\u00fdroba<\/span>&hellip; <a class=\"kt-excerpt-readmore more-link\" href=\"http:\/\/www.kremacezviratostrava.cz\/shop\/produkt\/naramek\/\">\u010ct\u011bte v\u00edce<\/a><\/p>\n","protected":false},"featured_media":3202,"comment_status":"open","ping_status":"closed","template":"","meta":[],"product_cat":[79,93,98],"product_tag":[156],"_links":{"self":[{"href":"http:\/\/www.kremacezviratostrava.cz\/shop\/wp-json\/wp\/v2\/product\/3141"}],"collection":[{"href":"http:\/\/www.kremacezviratostrava.cz\/shop\/wp-json\/wp\/v2\/product"}],"about":[{"href":"http:\/\/www.kremacezviratostrava.cz\/shop\/wp-json\/wp\/v2\/types\/product"}],"replies":[{"embeddable":true,"href":"http:\/\/www.kremacezviratostrava.cz\/shop\/wp-json\/wp\/v2\/comments?post=3141"}],"wp:featuredmedia":[{"embeddable":true,"href":"http:\/\/www.kremacezviratostrava.cz\/shop\/wp-json\/wp\/v2\/media\/3202"}],"wp:attachment":[{"href":"http:\/\/www.kremacezviratostrava.cz\/shop\/wp-json\/wp\/v2\/media?parent=3141"}],"wp:term":[{"taxonomy":"product_cat","embeddable":true,"href":"http:\/\/www.kremacezviratostrava.cz\/shop\/wp-json\/wp\/v2\/product_cat?post=3141"},{"taxonomy":"product_tag","embeddable":true,"href":"http:\/\/www.kremacezviratostrava.cz\/shop\/wp-json\/wp\/v2\/product_tag?post=3141"}],"curies":[{"name":"wp","href":"https:\/\/api.w.org\/{rel}","templated":true}]}}