{"id":3054,"date":"2019-02-01T16:02:46","date_gmt":"2019-02-01T15:02:46","guid":{"rendered":"http:\/\/www.kremacezviratostrava.cz\/shop\/?post_type=product&#038;p=3054"},"modified":"2019-02-13T18:32:28","modified_gmt":"2019-02-13T17:32:28","slug":"prsten-2","status":"publish","type":"product","link":"http:\/\/www.kremacezviratostrava.cz\/shop\/produkt\/prsten-2\/","title":{"rendered":"Prsten"},"content":{"rendered":"<p>D\u00e1msk\u00fd prsten z&nbsp;kolekce See You je vyroben z&nbsp;kvalitn\u00edho st\u0159\u00edbra 925\/1000 a&nbsp;os\u00e1zen zirkony. Srd\u00ed\u010dko je vypln\u011bno zataven\u00fdm popelem nebo pram\u00ednkem srsti do&nbsp;speci\u00e1ln\u00ed prysky\u0159ice. Samotn\u00e1 prysky\u0159ice je mo\u017en\u00e1 zabarvit do&nbsp;deseti odst\u00edn\u016f. Polotovary \u0161perk\u016f dod\u00e1v\u00e1 exkluzivn\u011b Holandsk\u00e1 spole\u010dnost See You Memorial Jewelry. Samotn\u00e9 zataven\u00ed popela \u010di pram\u00ednku srsti prov\u00e1d\u00ed v\u00fdhradn\u011b spole\u010dnost Memory Crystal.<\/p>\n<p><strong>Rozm\u011bry:<\/strong> velikost 50, 52, 54, 56, 58, 60<\/p>\n<p><strong>Text:<\/strong>\u00a0NE<\/p>\n<p><strong>Dutina na&nbsp;popel:<\/strong>\u00a0NE<\/p>\n<p><strong>Materi\u00e1l: <\/strong>St\u0159\u00edbro 925\/1000<\/p>\n<p><strong>Extra: <\/strong>Zirkony<\/p>\n<p>&nbsp;<\/p>\n<p><img src=\"\/shop\/wp-content\/uploads\/2019\/02\/barevne_variace.jpg\" class=\"img-responsive\" alt=\" berevn\u00e9 variace\"\/><\/p>\n","protected":false},"excerpt":{"rendered":"<p>Prsten se zataven\u00fdm popelem<br \/>\n&nbsp;<br \/>\nvelikost 50, 52, 54, 56, 58, 60<br \/>\n<span style=\"color: #ce534d;\">Zak\u00e1zkov\u00e1 v\u00fdroba<\/span>&hellip; <a class=\"kt-excerpt-readmore more-link\" href=\"http:\/\/www.kremacezviratostrava.cz\/shop\/produkt\/prsten-2\/\">\u010ct\u011bte v\u00edce<\/a><\/p>\n","protected":false},"featured_media":3138,"comment_status":"open","ping_status":"closed","template":"","meta":[],"product_cat":[79,93,97],"product_tag":[200],"_links":{"self":[{"href":"http:\/\/www.kremacezviratostrava.cz\/shop\/wp-json\/wp\/v2\/product\/3054"}],"collection":[{"href":"http:\/\/www.kremacezviratostrava.cz\/shop\/wp-json\/wp\/v2\/product"}],"about":[{"href":"http:\/\/www.kremacezviratostrava.cz\/shop\/wp-json\/wp\/v2\/types\/product"}],"replies":[{"embeddable":true,"href":"http:\/\/www.kremacezviratostrava.cz\/shop\/wp-json\/wp\/v2\/comments?post=3054"}],"wp:featuredmedia":[{"embeddable":true,"href":"http:\/\/www.kremacezviratostrava.cz\/shop\/wp-json\/wp\/v2\/media\/3138"}],"wp:attachment":[{"href":"http:\/\/www.kremacezviratostrava.cz\/shop\/wp-json\/wp\/v2\/media?parent=3054"}],"wp:term":[{"taxonomy":"product_cat","embeddable":true,"href":"http:\/\/www.kremacezviratostrava.cz\/shop\/wp-json\/wp\/v2\/product_cat?post=3054"},{"taxonomy":"product_tag","embeddable":true,"href":"http:\/\/www.kremacezviratostrava.cz\/shop\/wp-json\/wp\/v2\/product_tag?post=3054"}],"curies":[{"name":"wp","href":"https:\/\/api.w.org\/{rel}","templated":true}]}}