{"id":2817,"date":"2019-01-31T15:21:53","date_gmt":"2019-01-31T14:21:53","guid":{"rendered":"http:\/\/www.kremacezviratostrava.cz\/shop\/?post_type=product&#038;p=2817"},"modified":"2019-02-13T18:32:34","modified_gmt":"2019-02-13T17:32:34","slug":"srdce-v-srdci-2","status":"publish","type":"product","link":"http:\/\/www.kremacezviratostrava.cz\/shop\/produkt\/srdce-v-srdci-2\/","title":{"rendered":"Srdce v&nbsp;srdci"},"content":{"rendered":"<p>P\u0159\u00edv\u011bsek srdce v&nbsp;srdci z&nbsp;kolekce See You se vyzna\u010duje dvoj\u00edm pou\u017eit\u00edm no\u0161en\u00ed. Jedna strana je pouze kov a&nbsp;druh\u00e1 strana je vypln\u011bna zataven\u00fdm popelem nebo pram\u00ednkem srsti do&nbsp;speci\u00e1ln\u00ed prysky\u0159ice. Je tedy na&nbsp;V\u00e1s, zda p\u0159\u00edv\u011bsek budete cht\u00edt nosit viditeln\u011b jednou \u010di druhou stranou. Samotn\u00e1 prysky\u0159ice je mo\u017en\u00e1 zabarvit do&nbsp;deseti odst\u00edn\u016f. Polotovary \u0161perk\u016f dod\u00e1v\u00e1 exkluzivn\u011b Holandsk\u00e1 spole\u010dnost See You Memorial Jewelry. Samotn\u00e9 zataven\u00ed popela \u010di pram\u00ednku srsti prov\u00e1d\u00ed v\u00fdhradn\u011b spole\u010dnost Memory Crystal.<\/p>\n<p><strong>Rozm\u011bry:<\/strong>\u00a0rozm\u011br 14 x 11 mm<\/p>\n<p><strong>Text:<\/strong>\u00a0NE<\/p>\n<p><strong>Dutina na&nbsp;popel:<\/strong>\u00a0NE<\/p>\n<p><strong>Materi\u00e1l: <\/strong>St\u0159\u00edbro 925\/1000; Pozlacen\u00e9 st\u0159\u00edbro<\/p>\n<p><strong>Extra:<\/strong>\u00a0\u0158et\u00edzek 40 cm v&nbsp;cen\u011b<br \/>\n&nbsp;<\/p>\n<p><img src=\"\/shop\/wp-content\/uploads\/2019\/02\/barevne_variace.jpg\" class=\"img-responsive\" alt=\" berevn\u00e9 variace\"\/><\/p>\n","protected":false},"excerpt":{"rendered":"<p>P\u0159\u00edv\u011bsek se zataven\u00fdm popelem<br \/>\n&nbsp;<br \/>\nrozm\u011bry 14 x 11 mm<br \/>\n<span style=\"color: #ce534d;\">Zak\u00e1zkov\u00e1 v\u00fdroba<\/span>&hellip; <a class=\"kt-excerpt-readmore more-link\" href=\"http:\/\/www.kremacezviratostrava.cz\/shop\/produkt\/srdce-v-srdci-2\/\">\u010ct\u011bte v\u00edce<\/a><\/p>\n","protected":false},"featured_media":2828,"comment_status":"open","ping_status":"closed","template":"","meta":[],"product_cat":[79,93,96],"product_tag":[153],"_links":{"self":[{"href":"http:\/\/www.kremacezviratostrava.cz\/shop\/wp-json\/wp\/v2\/product\/2817"}],"collection":[{"href":"http:\/\/www.kremacezviratostrava.cz\/shop\/wp-json\/wp\/v2\/product"}],"about":[{"href":"http:\/\/www.kremacezviratostrava.cz\/shop\/wp-json\/wp\/v2\/types\/product"}],"replies":[{"embeddable":true,"href":"http:\/\/www.kremacezviratostrava.cz\/shop\/wp-json\/wp\/v2\/comments?post=2817"}],"wp:featuredmedia":[{"embeddable":true,"href":"http:\/\/www.kremacezviratostrava.cz\/shop\/wp-json\/wp\/v2\/media\/2828"}],"wp:attachment":[{"href":"http:\/\/www.kremacezviratostrava.cz\/shop\/wp-json\/wp\/v2\/media?parent=2817"}],"wp:term":[{"taxonomy":"product_cat","embeddable":true,"href":"http:\/\/www.kremacezviratostrava.cz\/shop\/wp-json\/wp\/v2\/product_cat?post=2817"},{"taxonomy":"product_tag","embeddable":true,"href":"http:\/\/www.kremacezviratostrava.cz\/shop\/wp-json\/wp\/v2\/product_tag?post=2817"}],"curies":[{"name":"wp","href":"https:\/\/api.w.org\/{rel}","templated":true}]}}