{"id":2815,"date":"2019-01-31T13:04:22","date_gmt":"2019-01-31T12:04:22","guid":{"rendered":"http:\/\/www.kremacezviratostrava.cz\/shop\/?post_type=product&#038;p=2815"},"modified":"2019-02-13T18:32:35","modified_gmt":"2019-02-13T17:32:35","slug":"koralek-18","status":"publish","type":"product","link":"http:\/\/www.kremacezviratostrava.cz\/shop\/produkt\/koralek-18\/","title":{"rendered":"Kor\u00e1lek"},"content":{"rendered":"<p>Popel je p\u0159\u00edmo zataven do&nbsp;sklen\u011bn\u00e9ho kor\u00e1lku. Sou\u010d\u00e1st\u00ed v\u00fdrobku je struna krk.<br \/>\nKolekce Beads vyu\u017e\u00edv\u00e1 pro v\u00fdrobu speci\u00e1ln\u00ed techniky vinut\u00fdch perel. Jedn\u00e1 se o&nbsp;zcela ru\u010dn\u00ed v\u00fdrobu a&nbsp;proto se design m\u016f\u017ee nepatrn\u011b li\u0161it.<\/p>\n<p><strong>Barva: <\/strong>Pouze popel<\/p>\n<p><strong>Rozm\u011bry:<\/strong>\u00a0pr\u016fm\u011br 18 mm; hmotnost 5,0 g<\/p>\n<p><strong>Text:<\/strong>\u00a0NE<\/p>\n<p><strong>Dutina na&nbsp;popel:<\/strong>\u00a0NE<\/p>\n<p><strong>Materi\u00e1l:<\/strong>\u00a0Sklo<\/p>\n<p><strong>Extra:<\/strong>\u00a0Struna na&nbsp;krk zdarma <\/p>\n","protected":false},"excerpt":{"rendered":"<p>Kor\u00e1lek na&nbsp;krk se zataven\u00fdm popelem<br \/>\n&nbsp;<br \/>\npr\u016fm\u011br 18 mm; hmotnost 5,0 g<br \/>\n<span style=\"color: #ce534d;\">Zak\u00e1zkov\u00e1 v\u00fdroba<\/span>&hellip; <a class=\"kt-excerpt-readmore more-link\" href=\"http:\/\/www.kremacezviratostrava.cz\/shop\/produkt\/koralek-18\/\">\u010ct\u011bte v\u00edce<\/a><\/p>\n","protected":false},"featured_media":2816,"comment_status":"open","ping_status":"closed","template":"","meta":[],"product_cat":[74,92],"product_tag":[157],"_links":{"self":[{"href":"http:\/\/www.kremacezviratostrava.cz\/shop\/wp-json\/wp\/v2\/product\/2815"}],"collection":[{"href":"http:\/\/www.kremacezviratostrava.cz\/shop\/wp-json\/wp\/v2\/product"}],"about":[{"href":"http:\/\/www.kremacezviratostrava.cz\/shop\/wp-json\/wp\/v2\/types\/product"}],"replies":[{"embeddable":true,"href":"http:\/\/www.kremacezviratostrava.cz\/shop\/wp-json\/wp\/v2\/comments?post=2815"}],"wp:featuredmedia":[{"embeddable":true,"href":"http:\/\/www.kremacezviratostrava.cz\/shop\/wp-json\/wp\/v2\/media\/2816"}],"wp:attachment":[{"href":"http:\/\/www.kremacezviratostrava.cz\/shop\/wp-json\/wp\/v2\/media?parent=2815"}],"wp:term":[{"taxonomy":"product_cat","embeddable":true,"href":"http:\/\/www.kremacezviratostrava.cz\/shop\/wp-json\/wp\/v2\/product_cat?post=2815"},{"taxonomy":"product_tag","embeddable":true,"href":"http:\/\/www.kremacezviratostrava.cz\/shop\/wp-json\/wp\/v2\/product_tag?post=2815"}],"curies":[{"name":"wp","href":"https:\/\/api.w.org\/{rel}","templated":true}]}}