{"id":2794,"date":"2019-01-30T16:58:01","date_gmt":"2019-01-30T15:58:01","guid":{"rendered":"http:\/\/www.kremacezviratostrava.cz\/shop\/?post_type=product&#038;p=2794"},"modified":"2019-02-13T18:32:40","modified_gmt":"2019-02-13T17:32:40","slug":"privesek-32","status":"publish","type":"product","link":"http:\/\/www.kremacezviratostrava.cz\/shop\/produkt\/privesek-32\/","title":{"rendered":"P\u0159\u00edv\u011bsek"},"content":{"rendered":"<p>Popel je p\u0159\u00edmo zataven do&nbsp;sklen\u011bn\u00e9ho p\u0159\u00edv\u011bsku ve&nbsp;tvaru srdce vyroben\u00e9ho ze skla Simax. Ka\u017ed\u00e9 srd\u00ed\u010dko je origin\u00e1lem, vyroben\u00fdm rukou um\u011bleck\u00e9ho skl\u00e1\u0159e. Proto se design m\u016f\u017ee nepatrn\u011b li\u0161it. Sou\u010d\u00e1st\u00ed v\u00fdrobku je sametov\u00e1 krabi\u010dka.<\/p>\n<p>K p\u0159\u00edv\u011bsku lze objednat tak\u00e9 st\u0159\u00edbrn\u00fd \u0159et\u00edzek.<\/p>\n<p><strong>Barva: <\/strong>Pouze popel<\/p>\n<p><strong>Rozm\u011bry:<\/strong>\u00a0rozm\u011br 3 cm; hmotnost 6 &#8211; 10 g<\/p>\n<p><strong>Text:<\/strong>\u00a0NE<\/p>\n<p><strong>Dutina na&nbsp;popel:<\/strong>\u00a0NE<\/p>\n<p><strong>Materi\u00e1l:<\/strong>\u00a0Sklo<\/p>\n","protected":false},"excerpt":{"rendered":"<p>Pam\u00e1te\u010dn\u00ed p\u0159\u00edv\u011bsek se zataven\u00fdm popelem<br \/>\n&nbsp;<br \/>\nrozm\u011br 3 cm; hmotnost 6 &#8211; 10 g<br \/>\n<span style=\"color: #ce534d;\">Zak\u00e1zkov\u00e1 v\u00fdroba<\/span>&hellip; <a class=\"kt-excerpt-readmore more-link\" href=\"http:\/\/www.kremacezviratostrava.cz\/shop\/produkt\/privesek-32\/\">\u010ct\u011bte v\u00edce<\/a><\/p>\n","protected":false},"featured_media":2796,"comment_status":"open","ping_status":"closed","template":"","meta":[],"product_cat":[74,94],"product_tag":[103,153],"_links":{"self":[{"href":"http:\/\/www.kremacezviratostrava.cz\/shop\/wp-json\/wp\/v2\/product\/2794"}],"collection":[{"href":"http:\/\/www.kremacezviratostrava.cz\/shop\/wp-json\/wp\/v2\/product"}],"about":[{"href":"http:\/\/www.kremacezviratostrava.cz\/shop\/wp-json\/wp\/v2\/types\/product"}],"replies":[{"embeddable":true,"href":"http:\/\/www.kremacezviratostrava.cz\/shop\/wp-json\/wp\/v2\/comments?post=2794"}],"wp:featuredmedia":[{"embeddable":true,"href":"http:\/\/www.kremacezviratostrava.cz\/shop\/wp-json\/wp\/v2\/media\/2796"}],"wp:attachment":[{"href":"http:\/\/www.kremacezviratostrava.cz\/shop\/wp-json\/wp\/v2\/media?parent=2794"}],"wp:term":[{"taxonomy":"product_cat","embeddable":true,"href":"http:\/\/www.kremacezviratostrava.cz\/shop\/wp-json\/wp\/v2\/product_cat?post=2794"},{"taxonomy":"product_tag","embeddable":true,"href":"http:\/\/www.kremacezviratostrava.cz\/shop\/wp-json\/wp\/v2\/product_tag?post=2794"}],"curies":[{"name":"wp","href":"https:\/\/api.w.org\/{rel}","templated":true}]}}