{"id":2768,"date":"2019-01-30T16:15:43","date_gmt":"2019-01-30T15:15:43","guid":{"rendered":"http:\/\/www.kremacezviratostrava.cz\/shop\/?post_type=product&#038;p=2768"},"modified":"2019-02-13T18:33:09","modified_gmt":"2019-02-13T17:33:09","slug":"pyramida","status":"publish","type":"product","link":"http:\/\/www.kremacezviratostrava.cz\/shop\/produkt\/pyramida\/","title":{"rendered":"Pyramida"},"content":{"rendered":"<p>Popel je p\u0159\u00edmo zataven do&nbsp;sklen\u011bn\u00e9 pyramidy z&nbsp;kvalitn\u00edho k\u0159i\u0161\u0165\u00e1lu, kter\u00e1 je d\u00e1le zu\u0161lecht\u011bna ru\u010dn\u00edm brou\u0161en\u00edm a&nbsp;le\u0161t\u011bn\u00edm. Nab\u00edz\u00edme variantu pouze s&nbsp;popelem nebo kombinaci s&nbsp;barvou. P\u00edskov\u00e1n\u00ed textu je mo\u017en\u00e9 p\u0159\u00edmo na&nbsp;sklo.<\/p>\n<p>Ka\u017ed\u00fd pietn\u00ed p\u0159edm\u011bt m\u00e1 origin\u00e1ln\u00ed design a&nbsp;proto se m\u016f\u017ee nepatrn\u011b li\u0161it od&nbsp;uveden\u00e9ho obr\u00e1zku.<\/p>\n<p><strong>Barva:<\/strong>\u00a0Pouze popel, Amber, \u010cerven\u00e1, V\u00ednov\u00e1, Fialov\u00e1, \u010cern\u00e1, Zelen\u00e1, Modr\u00e1<\/p>\n<p><strong>Rozm\u011bry:<\/strong>\u00a0v\u00fd\u0161ka 8 cm; pr\u016fm\u011br 9 cm; hmotnost 0,8&nbsp;kg<\/p>\n<p><strong>Text:<\/strong>\u00a0ANO<br \/>\nNa&nbsp;produkt je mo\u017en\u00e9 p\u0159iobjednat p\u00edskov\u00e1n\u00ed textu.<\/p>\n<p><strong>Um\u00edst\u011bn\u00ed:<\/strong>\u00a0Interi\u00e9r<\/p>\n","protected":false},"excerpt":{"rendered":"<p>Pam\u00e1te\u010dn\u00ed sklo pyramida<br \/>\n&nbsp;<br \/>\n<strong>Pam\u00e1te\u010dn\u00ed pyramida se zataven\u00fdm popelem<\/strong><br \/>\nrozm\u011br 8 x 9 cm; hmotnost 0,8&nbsp;kg<br \/>\n<span style=\"color: #ce534d;\">Zak\u00e1zkov\u00e1 v\u00fdroba<\/span>&hellip; <a class=\"kt-excerpt-readmore more-link\" href=\"http:\/\/www.kremacezviratostrava.cz\/shop\/produkt\/pyramida\/\">\u010ct\u011bte v\u00edce<\/a><\/p>\n","protected":false},"featured_media":2779,"comment_status":"open","ping_status":"closed","template":"","meta":[],"product_cat":[74,91],"product_tag":[103],"_links":{"self":[{"href":"http:\/\/www.kremacezviratostrava.cz\/shop\/wp-json\/wp\/v2\/product\/2768"}],"collection":[{"href":"http:\/\/www.kremacezviratostrava.cz\/shop\/wp-json\/wp\/v2\/product"}],"about":[{"href":"http:\/\/www.kremacezviratostrava.cz\/shop\/wp-json\/wp\/v2\/types\/product"}],"replies":[{"embeddable":true,"href":"http:\/\/www.kremacezviratostrava.cz\/shop\/wp-json\/wp\/v2\/comments?post=2768"}],"wp:featuredmedia":[{"embeddable":true,"href":"http:\/\/www.kremacezviratostrava.cz\/shop\/wp-json\/wp\/v2\/media\/2779"}],"wp:attachment":[{"href":"http:\/\/www.kremacezviratostrava.cz\/shop\/wp-json\/wp\/v2\/media?parent=2768"}],"wp:term":[{"taxonomy":"product_cat","embeddable":true,"href":"http:\/\/www.kremacezviratostrava.cz\/shop\/wp-json\/wp\/v2\/product_cat?post=2768"},{"taxonomy":"product_tag","embeddable":true,"href":"http:\/\/www.kremacezviratostrava.cz\/shop\/wp-json\/wp\/v2\/product_tag?post=2768"}],"curies":[{"name":"wp","href":"https:\/\/api.w.org\/{rel}","templated":true}]}}