{"id":2733,"date":"2019-01-30T14:48:02","date_gmt":"2019-01-30T13:48:02","guid":{"rendered":"http:\/\/www.kremacezviratostrava.cz\/shop\/?post_type=product&#038;p=2733"},"modified":"2022-06-10T10:59:33","modified_gmt":"2022-06-10T08:59:33","slug":"kapka","status":"publish","type":"product","link":"http:\/\/www.kremacezviratostrava.cz\/shop\/produkt\/kapka\/","title":{"rendered":"Kapka"},"content":{"rendered":"<p>Popel je p\u0159\u00edmo zataven do&nbsp;sklen\u011bn\u00e9 kapky z&nbsp;kvalitn\u00edho k\u0159i\u0161\u0165\u00e1lu. Nab\u00edz\u00edme variantu pouze s&nbsp;popelem nebo kombinaci s&nbsp;barvou. P\u00edskov\u00e1n\u00ed textu je mo\u017en\u00e9 p\u0159\u00edmo na&nbsp;sklo nebo na&nbsp;podstavec, kter\u00fd je nutn\u00e9 p\u0159iobjednat. Doporu\u010dujeme objedn\u00e1n\u00ed d\u0159ev\u011bn\u00e9ho podstavce s&nbsp;LED podsv\u00edcen\u00edm, kter\u00fd dod\u00e1v\u00e1 pam\u00e1te\u010dn\u00edmu sklu p\u0159\u00edjemn\u00fd sv\u011bteln\u00fd efekt. <\/p>\n<p>Ka\u017ed\u00fd pietn\u00ed p\u0159edm\u011bt m\u00e1 origin\u00e1ln\u00ed design a&nbsp;proto se m\u016f\u017ee nepatrn\u011b li\u0161it od&nbsp;uveden\u00e9ho obr\u00e1zku.<\/p>\n<p><strong>Barva:<\/strong>\u00a0Pouze popel, Amber, \u010cerven\u00e1, V\u00ednov\u00e1, Fialov\u00e1, \u010cern\u00e1, Zelen\u00e1, Modr\u00e1<\/p>\n<p><strong>Rozm\u011bry:<\/strong>\u00a0v\u00fd\u0161ka 10 cm; pr\u016fm\u011br 7 cm; hmotnost 0,8&nbsp;kg<\/p>\n<p><strong>Text:<\/strong>\u00a0ANO<br \/>\nNa&nbsp;produkt je mo\u017en\u00e9 p\u0159iobjednat p\u00edskov\u00e1n\u00ed textu.<\/p>\n<p><strong>Um\u00edst\u011bn\u00ed:<\/strong>\u00a0Interi\u00e9r<\/p>\n<p><strong>Extra:<\/strong>\u00a0Variace podstavc\u016f v\u010detn\u011b LED podsv\u00edcen\u00ed naleznete v&nbsp;kategorii dopl\u0148ky<\/p>\n","protected":false},"excerpt":{"rendered":"<p>Pam\u00e1te\u010dn\u00ed sklo kapka<br \/>\n&nbsp;<br \/>\n<strong>Pam\u00e1te\u010dn\u00ed kapka se zataven\u00fdm popelem<\/strong><br \/>\nrozm\u011br 10 x 7 cm; hmotnost 0,8&nbsp;kg<br \/>\n<span style=\"color: #ce534d;\">Zak\u00e1zkov\u00e1 v\u00fdroba<\/span>&hellip; <a class=\"kt-excerpt-readmore more-link\" href=\"http:\/\/www.kremacezviratostrava.cz\/shop\/produkt\/kapka\/\">\u010ct\u011bte v\u00edce<\/a><\/p>\n","protected":false},"featured_media":2743,"comment_status":"open","ping_status":"closed","template":"","meta":[],"product_cat":[74,91],"product_tag":[103],"_links":{"self":[{"href":"http:\/\/www.kremacezviratostrava.cz\/shop\/wp-json\/wp\/v2\/product\/2733"}],"collection":[{"href":"http:\/\/www.kremacezviratostrava.cz\/shop\/wp-json\/wp\/v2\/product"}],"about":[{"href":"http:\/\/www.kremacezviratostrava.cz\/shop\/wp-json\/wp\/v2\/types\/product"}],"replies":[{"embeddable":true,"href":"http:\/\/www.kremacezviratostrava.cz\/shop\/wp-json\/wp\/v2\/comments?post=2733"}],"wp:featuredmedia":[{"embeddable":true,"href":"http:\/\/www.kremacezviratostrava.cz\/shop\/wp-json\/wp\/v2\/media\/2743"}],"wp:attachment":[{"href":"http:\/\/www.kremacezviratostrava.cz\/shop\/wp-json\/wp\/v2\/media?parent=2733"}],"wp:term":[{"taxonomy":"product_cat","embeddable":true,"href":"http:\/\/www.kremacezviratostrava.cz\/shop\/wp-json\/wp\/v2\/product_cat?post=2733"},{"taxonomy":"product_tag","embeddable":true,"href":"http:\/\/www.kremacezviratostrava.cz\/shop\/wp-json\/wp\/v2\/product_tag?post=2733"}],"curies":[{"name":"wp","href":"https:\/\/api.w.org\/{rel}","templated":true}]}}