{"id":2729,"date":"2019-01-30T14:26:54","date_gmt":"2019-01-30T13:26:54","guid":{"rendered":"http:\/\/www.kremacezviratostrava.cz\/shop\/?post_type=product&#038;p=2729"},"modified":"2019-02-13T18:33:49","modified_gmt":"2019-02-13T17:33:49","slug":"perlorodka","status":"publish","type":"product","link":"http:\/\/www.kremacezviratostrava.cz\/shop\/produkt\/perlorodka\/","title":{"rendered":"Perlorodka"},"content":{"rendered":"<p>Popel je p\u0159\u00edmo zataven do&nbsp;sklen\u011bn\u00e9 perly vsazen\u00e9 do&nbsp;ru\u010dn\u011b tvarovan\u00e9 sklen\u011bn\u00e9 mo\u0159sk\u00e9 mu\u0161le.<\/p>\n<p>Ka\u017ed\u00fd pietn\u00ed p\u0159edm\u011bt m\u00e1 origin\u00e1ln\u00ed design a&nbsp;proto se m\u016f\u017ee nepatrn\u011b li\u0161it od&nbsp;uveden\u00e9ho obr\u00e1zku.<\/p>\n<p><strong>Rozm\u011bry:<\/strong>\u00a0\u0161\u00ed\u0159ka 14 cm; v\u00fd\u0161ka 12 cm; hloubka 13 cm; hmotnost 0,7&nbsp;kg<\/p>\n<p><strong>Text:<\/strong>\u00a0NE<\/p>\n<p><strong>Um\u00edst\u011bn\u00ed:<\/strong>\u00a0Interi\u00e9r<\/p>\n","protected":false},"excerpt":{"rendered":"<p>Perlorodka<br \/>\n&nbsp;<br \/>\n<strong>Pam\u00e1te\u010dn\u00ed sklo se zataven\u00fdm popelem<\/strong><br \/>\nrozm\u011br 14 x 12 x 13 cm; hmotnost 0,7&nbsp;kg<br \/>\n<span style=\"color: #ce534d;\">Zak\u00e1zkov\u00e1 v\u00fdroba<\/span>&hellip; <a class=\"kt-excerpt-readmore more-link\" href=\"http:\/\/www.kremacezviratostrava.cz\/shop\/produkt\/perlorodka\/\">\u010ct\u011bte v\u00edce<\/a><\/p>\n","protected":false},"featured_media":2730,"comment_status":"open","ping_status":"closed","template":"","meta":[],"product_cat":[74,90],"product_tag":[103],"_links":{"self":[{"href":"http:\/\/www.kremacezviratostrava.cz\/shop\/wp-json\/wp\/v2\/product\/2729"}],"collection":[{"href":"http:\/\/www.kremacezviratostrava.cz\/shop\/wp-json\/wp\/v2\/product"}],"about":[{"href":"http:\/\/www.kremacezviratostrava.cz\/shop\/wp-json\/wp\/v2\/types\/product"}],"replies":[{"embeddable":true,"href":"http:\/\/www.kremacezviratostrava.cz\/shop\/wp-json\/wp\/v2\/comments?post=2729"}],"wp:featuredmedia":[{"embeddable":true,"href":"http:\/\/www.kremacezviratostrava.cz\/shop\/wp-json\/wp\/v2\/media\/2730"}],"wp:attachment":[{"href":"http:\/\/www.kremacezviratostrava.cz\/shop\/wp-json\/wp\/v2\/media?parent=2729"}],"wp:term":[{"taxonomy":"product_cat","embeddable":true,"href":"http:\/\/www.kremacezviratostrava.cz\/shop\/wp-json\/wp\/v2\/product_cat?post=2729"},{"taxonomy":"product_tag","embeddable":true,"href":"http:\/\/www.kremacezviratostrava.cz\/shop\/wp-json\/wp\/v2\/product_tag?post=2729"}],"curies":[{"name":"wp","href":"https:\/\/api.w.org\/{rel}","templated":true}]}}