{"id":2692,"date":"2019-01-29T17:19:16","date_gmt":"2019-01-29T16:19:16","guid":{"rendered":"http:\/\/www.kremacezviratostrava.cz\/shop\/?post_type=product&#038;p=2692"},"modified":"2022-07-27T13:43:16","modified_gmt":"2022-07-27T11:43:16","slug":"crossball","status":"publish","type":"product","link":"http:\/\/www.kremacezviratostrava.cz\/shop\/produkt\/crossball\/","title":{"rendered":"Crossball"},"content":{"rendered":"<p>Dekor Crossball je jeden z&nbsp;v\u00fdrobk\u016f \u0159ady Premium, kde je mo\u017en\u00e1 kombinace s&nbsp;24kr zlatem, kter\u00e9 se zatavuje do&nbsp;k\u0159i\u0161\u0165\u00e1lov\u00fdch ramen jako jedna z&nbsp;barevn\u00fdch variac\u00ed. Z\u00e1kladn\u00ed proveden\u00ed se dod\u00e1v\u00e1 s&nbsp;podstavcem z&nbsp;optick\u00e9ho skla ZDARMA. Na&nbsp;podstavec je mo\u017en\u00e9 p\u00edskovat text za p\u0159\u00edplatek.<\/p>\n<p>Ka\u017ed\u00fd pietn\u00ed p\u0159edm\u011bt m\u00e1 origin\u00e1ln\u00ed design a&nbsp;proto se m\u016f\u017ee nepatrn\u011b li\u0161it od&nbsp;uveden\u00e9ho obr\u00e1zku.<\/p>\n<p><strong>Barva:<\/strong>\u00a0Pouze popel, Zlato<\/p>\n<p><strong>Rozm\u011bry:<\/strong>\u00a0\u0161\u00ed\u0159ka 12 cm; v\u00fd\u0161ka 24 cm; hmotnost 1,4&nbsp;kg<\/p>\n<p><strong>Text:<\/strong>\u00a0ANO<br \/>\nNa&nbsp;produkt je mo\u017en\u00e9 p\u0159iobjednat p\u00edskov\u00e1n\u00ed textu.<\/p>\n<p><strong>Um\u00edst\u011bn\u00ed:<\/strong>\u00a0Interi\u00e9r<\/p>\n<p><strong>Extra:<\/strong>\u00a0Variace podstavc\u016f v\u010detn\u011b LED podsv\u00edcen\u00ed naleznete v&nbsp;kategorii dopl\u0148ky<\/p>\n","protected":false},"excerpt":{"rendered":"<p>Crossball<br \/>\n&nbsp;<br \/>\n<strong>Pam\u00e1te\u010dn\u00ed plastika se zataven\u00fdm popelem<\/strong><br \/>\nrozm\u011br 12 x 24 cm; hmotnost 1,4&nbsp;kg<br \/>\n<span style=\"color: #ce534d;\">Zak\u00e1zkov\u00e1 v\u00fdroba<\/span>&hellip; <a class=\"kt-excerpt-readmore more-link\" href=\"http:\/\/www.kremacezviratostrava.cz\/shop\/produkt\/crossball\/\">\u010ct\u011bte v\u00edce<\/a><\/p>\n","protected":false},"featured_media":2702,"comment_status":"open","ping_status":"closed","template":"","meta":[],"product_cat":[74,90],"product_tag":[103],"_links":{"self":[{"href":"http:\/\/www.kremacezviratostrava.cz\/shop\/wp-json\/wp\/v2\/product\/2692"}],"collection":[{"href":"http:\/\/www.kremacezviratostrava.cz\/shop\/wp-json\/wp\/v2\/product"}],"about":[{"href":"http:\/\/www.kremacezviratostrava.cz\/shop\/wp-json\/wp\/v2\/types\/product"}],"replies":[{"embeddable":true,"href":"http:\/\/www.kremacezviratostrava.cz\/shop\/wp-json\/wp\/v2\/comments?post=2692"}],"wp:featuredmedia":[{"embeddable":true,"href":"http:\/\/www.kremacezviratostrava.cz\/shop\/wp-json\/wp\/v2\/media\/2702"}],"wp:attachment":[{"href":"http:\/\/www.kremacezviratostrava.cz\/shop\/wp-json\/wp\/v2\/media?parent=2692"}],"wp:term":[{"taxonomy":"product_cat","embeddable":true,"href":"http:\/\/www.kremacezviratostrava.cz\/shop\/wp-json\/wp\/v2\/product_cat?post=2692"},{"taxonomy":"product_tag","embeddable":true,"href":"http:\/\/www.kremacezviratostrava.cz\/shop\/wp-json\/wp\/v2\/product_tag?post=2692"}],"curies":[{"name":"wp","href":"https:\/\/api.w.org\/{rel}","templated":true}]}}