{"id":2662,"date":"2019-01-29T14:45:54","date_gmt":"2019-01-29T13:45:54","guid":{"rendered":"http:\/\/www.kremacezviratostrava.cz\/shop\/?post_type=product&#038;p=2662"},"modified":"2019-02-13T18:33:17","modified_gmt":"2019-02-13T17:33:17","slug":"destiny","status":"publish","type":"product","link":"http:\/\/www.kremacezviratostrava.cz\/shop\/produkt\/destiny\/","title":{"rendered":"Destiny"},"content":{"rendered":"<p>Dekor Destiny se vyzna\u010duje v\u00fdraznou spir\u00e1lou vyrobenou z&nbsp;popela uprost\u0159ed masivn\u00edho k\u0159i\u0161\u0165\u00e1lu. Samotn\u00e1 spir\u00e1la lze kombinovat s&nbsp;r\u016fzn\u00fdmi barvami.  Z\u00e1kladn\u00ed proveden\u00ed se dod\u00e1v\u00e1 na&nbsp;sklen\u011bn\u00e9m podstavci ZDARMA. Na&nbsp;podstavec je mo\u017en\u00e9 p\u00edskovat text za p\u0159\u00edplatek.<\/p>\n<p>Ka\u017ed\u00fd pietn\u00ed p\u0159edm\u011bt m\u00e1 origin\u00e1ln\u00ed design a&nbsp;proto se m\u016f\u017ee nepatrn\u011b li\u0161it od&nbsp;uveden\u00e9ho obr\u00e1zku.<\/p>\n<p><strong>Barva:<\/strong>\u00a0Pouze popel, Medov\u00e1, \u010cerven\u00e1, V\u00ednov\u00e1, Fialov\u00e1, \u010cern\u00e1, Zelen\u00e1, Modr\u00e1<\/p>\n<p><strong>Rozm\u011bry:<\/strong>\u00a0\u0161\u00ed\u0159ka 12 cm; v\u00fd\u0161ka 26 cm; hmotnost 1,2&nbsp;kg<\/p>\n<p><strong>Text:<\/strong>\u00a0ANO<br \/>\nNa&nbsp;produkt je mo\u017en\u00e9 p\u0159iobjednat p\u00edskov\u00e1n\u00ed textu.<\/p>\n<p><strong>Um\u00edst\u011bn\u00ed:<\/strong>\u00a0Interi\u00e9r<\/p>\n<p><strong>Extra:<\/strong>\u00a0Variace podstavc\u016f v\u010detn\u011b LED podsv\u00edcen\u00ed naleznete v&nbsp;kategorii dopl\u0148ky<\/p>\n","protected":false},"excerpt":{"rendered":"<p>Destiny<br \/>\n&nbsp;<br \/>\n<strong>Pam\u00e1te\u010dn\u00ed plastika se zataven\u00fdm popelem<\/strong><br \/>\nrozm\u011br 12 x 26 cm; hmotnost 1,2&nbsp;kg<br \/>\n<span style=\"color: #ce534d;\">Zak\u00e1zkov\u00e1 v\u00fdroba<\/span>&hellip; <a class=\"kt-excerpt-readmore more-link\" href=\"http:\/\/www.kremacezviratostrava.cz\/shop\/produkt\/destiny\/\">\u010ct\u011bte v\u00edce<\/a><\/p>\n","protected":false},"featured_media":2663,"comment_status":"open","ping_status":"closed","template":"","meta":[],"product_cat":[74,90],"product_tag":[103],"_links":{"self":[{"href":"http:\/\/www.kremacezviratostrava.cz\/shop\/wp-json\/wp\/v2\/product\/2662"}],"collection":[{"href":"http:\/\/www.kremacezviratostrava.cz\/shop\/wp-json\/wp\/v2\/product"}],"about":[{"href":"http:\/\/www.kremacezviratostrava.cz\/shop\/wp-json\/wp\/v2\/types\/product"}],"replies":[{"embeddable":true,"href":"http:\/\/www.kremacezviratostrava.cz\/shop\/wp-json\/wp\/v2\/comments?post=2662"}],"wp:featuredmedia":[{"embeddable":true,"href":"http:\/\/www.kremacezviratostrava.cz\/shop\/wp-json\/wp\/v2\/media\/2663"}],"wp:attachment":[{"href":"http:\/\/www.kremacezviratostrava.cz\/shop\/wp-json\/wp\/v2\/media?parent=2662"}],"wp:term":[{"taxonomy":"product_cat","embeddable":true,"href":"http:\/\/www.kremacezviratostrava.cz\/shop\/wp-json\/wp\/v2\/product_cat?post=2662"},{"taxonomy":"product_tag","embeddable":true,"href":"http:\/\/www.kremacezviratostrava.cz\/shop\/wp-json\/wp\/v2\/product_tag?post=2662"}],"curies":[{"name":"wp","href":"https:\/\/api.w.org\/{rel}","templated":true}]}}