{"id":2657,"date":"2019-01-28T13:44:30","date_gmt":"2019-01-28T12:44:30","guid":{"rendered":"http:\/\/www.kremacezviratostrava.cz\/shop\/?post_type=product&#038;p=2657"},"modified":"2019-02-13T18:33:21","modified_gmt":"2019-02-13T17:33:21","slug":"zlaty-list","status":"publish","type":"product","link":"http:\/\/www.kremacezviratostrava.cz\/shop\/produkt\/zlaty-list\/","title":{"rendered":"Zlat\u00fd list"},"content":{"rendered":"<p>Popel je p\u0159\u00edmo zataven do&nbsp;sklen\u011bn\u00e9ho listu z&nbsp;kvalitn\u00edho k\u0159i\u0161\u0165\u00e1lu spolu s&nbsp;24kr zlatem. Sou\u010d\u00e1st\u00ed v\u00fdrobku je luxusn\u00ed d\u0159ev\u011bn\u00e1 krabi\u010dka na&nbsp;kterou je mo\u017en\u00e9 vyp\u00edskovat libovoln\u00fd text.<\/p>\n<p>Ka\u017ed\u00fd pietn\u00ed p\u0159edm\u011bt m\u00e1 origin\u00e1ln\u00ed design a&nbsp;proto se m\u016f\u017ee nepatrn\u011b li\u0161it od&nbsp;uveden\u00e9ho obr\u00e1zku.<\/p>\n<p><strong>Rozm\u011bry:<\/strong>\u00a0\u0161\u00ed\u0159ka 5 &#8211; 6 cm; d\u00e9lka 8 cm; tlou\u0161\u0165ka 0,5 cm; hmotnost 50 g<\/p>\n<p><strong>Text:<\/strong>\u00a0ANO<br \/>\nNa&nbsp;krabi\u010dku produktu je mo\u017en\u00e9 p\u0159iobjednat p\u00edskov\u00e1n\u00ed textu.<\/p>\n<p><strong>Um\u00edst\u011bn\u00ed:<\/strong>\u00a0Interi\u00e9r<\/p>\n","protected":false},"excerpt":{"rendered":"<p>Zlat\u00fd list<br \/>\n&nbsp;<br \/>\n<strong>Pam\u00e1te\u010dn\u00ed sklo se zataven\u00fdm popelem<\/strong><br \/>\nrozm\u011br 5 &#8211; 6 x 8 x 0,5 cm; hmotnost 50 g<br \/>\n<span style=\"color: #ce534d;\">Zak\u00e1zkov\u00e1 v\u00fdroba<\/span>&hellip; <a class=\"kt-excerpt-readmore more-link\" href=\"http:\/\/www.kremacezviratostrava.cz\/shop\/produkt\/zlaty-list\/\">\u010ct\u011bte v\u00edce<\/a><\/p>\n","protected":false},"featured_media":2659,"comment_status":"open","ping_status":"closed","template":"","meta":[],"product_cat":[74,90],"product_tag":[103],"_links":{"self":[{"href":"http:\/\/www.kremacezviratostrava.cz\/shop\/wp-json\/wp\/v2\/product\/2657"}],"collection":[{"href":"http:\/\/www.kremacezviratostrava.cz\/shop\/wp-json\/wp\/v2\/product"}],"about":[{"href":"http:\/\/www.kremacezviratostrava.cz\/shop\/wp-json\/wp\/v2\/types\/product"}],"replies":[{"embeddable":true,"href":"http:\/\/www.kremacezviratostrava.cz\/shop\/wp-json\/wp\/v2\/comments?post=2657"}],"wp:featuredmedia":[{"embeddable":true,"href":"http:\/\/www.kremacezviratostrava.cz\/shop\/wp-json\/wp\/v2\/media\/2659"}],"wp:attachment":[{"href":"http:\/\/www.kremacezviratostrava.cz\/shop\/wp-json\/wp\/v2\/media?parent=2657"}],"wp:term":[{"taxonomy":"product_cat","embeddable":true,"href":"http:\/\/www.kremacezviratostrava.cz\/shop\/wp-json\/wp\/v2\/product_cat?post=2657"},{"taxonomy":"product_tag","embeddable":true,"href":"http:\/\/www.kremacezviratostrava.cz\/shop\/wp-json\/wp\/v2\/product_tag?post=2657"}],"curies":[{"name":"wp","href":"https:\/\/api.w.org\/{rel}","templated":true}]}}