{"id":2639,"date":"2019-01-28T11:26:49","date_gmt":"2019-01-28T10:26:49","guid":{"rendered":"http:\/\/www.kremacezviratostrava.cz\/shop\/?post_type=product&#038;p=2639"},"modified":"2019-02-13T18:34:07","modified_gmt":"2019-02-13T17:34:07","slug":"srdce-s-portretem","status":"publish","type":"product","link":"http:\/\/www.kremacezviratostrava.cz\/shop\/produkt\/srdce-s-portretem\/","title":{"rendered":"Srdce s&nbsp;portr\u00e9tem"},"content":{"rendered":"<p>Popel je p\u0159\u00edmo zataven do&nbsp;sklen\u011bn\u00e9ho srdce z&nbsp;kvalitn\u00edho k\u0159i\u0161\u0165\u00e1lu spolu s&nbsp;24kr zlatem. Portr\u00e9t s&nbsp;textem je vyp\u00e1len pomoc\u00ed speci\u00e1ln\u00edho laseru uvnit\u0159 sklen\u011bn\u00e9ho bloku. Touto kombinac\u00ed vznik\u00e1 neoby\u010dejn\u011b kr\u00e1sn\u00fd a&nbsp;osobit\u00fd vzpom\u00ednkov\u00fd p\u0159edm\u011bt, kter\u00fd nav\u017edy bude p\u0159ipom\u00ednat celo\u017eivotn\u00ed l\u00e1sku.<\/p>\n<p>Tento produkt se dod\u00e1v\u00e1 pouze na&nbsp;podstavci z&nbsp;optick\u00e9ho skla. Libovoln\u00fd text se umis\u0165uje vedle portr\u00e9tu a&nbsp;je ji\u017e v&nbsp;cen\u011b. Ka\u017ed\u00fd pietn\u00ed p\u0159edm\u011bt m\u00e1 origin\u00e1ln\u00ed design a&nbsp;proto se m\u016f\u017ee nepatrn\u011b li\u0161it od&nbsp;uveden\u00e9ho obr\u00e1zku.<\/p>\n<p><strong>Rozm\u011bry:<\/strong>\u00a0\u0161\u00ed\u0159ka 10 cm; v\u00fd\u0161ka 16 cm; hloubka 10 cm; hmotnost 1,8&nbsp;kg<\/p>\n<p><strong>Text:<\/strong>\u00a0ANO<\/p>\n<p><strong>Um\u00edst\u011bn\u00ed:<\/strong>\u00a0Interi\u00e9r<\/p>\n<p><strong>Extra:<\/strong>\u00a0Portr\u00e9t a&nbsp;text na&nbsp;zadn\u00ed st\u011bnu v&nbsp;cen\u011b<\/p>\n","protected":false},"excerpt":{"rendered":"<p>Zlat\u00e9 srdce s&nbsp;portr\u00e9tem<br \/>\n&nbsp;<br \/>\n<strong>Pam\u00e1te\u010dn\u00ed sklo se zataven\u00fdm popelem<\/strong><br \/>\nrozm\u011br 10 x 16 x 10 cm; hmotnost 1,8&nbsp;kg<br \/>\n<span style=\"color: #ce534d;\">Zak\u00e1zkov\u00e1 v\u00fdroba<\/span>&hellip; <a class=\"kt-excerpt-readmore more-link\" href=\"http:\/\/www.kremacezviratostrava.cz\/shop\/produkt\/srdce-s-portretem\/\">\u010ct\u011bte v\u00edce<\/a><\/p>\n","protected":false},"featured_media":2641,"comment_status":"open","ping_status":"closed","template":"","meta":[],"product_cat":[74,90,89],"product_tag":[103],"_links":{"self":[{"href":"http:\/\/www.kremacezviratostrava.cz\/shop\/wp-json\/wp\/v2\/product\/2639"}],"collection":[{"href":"http:\/\/www.kremacezviratostrava.cz\/shop\/wp-json\/wp\/v2\/product"}],"about":[{"href":"http:\/\/www.kremacezviratostrava.cz\/shop\/wp-json\/wp\/v2\/types\/product"}],"replies":[{"embeddable":true,"href":"http:\/\/www.kremacezviratostrava.cz\/shop\/wp-json\/wp\/v2\/comments?post=2639"}],"wp:featuredmedia":[{"embeddable":true,"href":"http:\/\/www.kremacezviratostrava.cz\/shop\/wp-json\/wp\/v2\/media\/2641"}],"wp:attachment":[{"href":"http:\/\/www.kremacezviratostrava.cz\/shop\/wp-json\/wp\/v2\/media?parent=2639"}],"wp:term":[{"taxonomy":"product_cat","embeddable":true,"href":"http:\/\/www.kremacezviratostrava.cz\/shop\/wp-json\/wp\/v2\/product_cat?post=2639"},{"taxonomy":"product_tag","embeddable":true,"href":"http:\/\/www.kremacezviratostrava.cz\/shop\/wp-json\/wp\/v2\/product_tag?post=2639"}],"curies":[{"name":"wp","href":"https:\/\/api.w.org\/{rel}","templated":true}]}}