{"id":2634,"date":"2019-01-28T11:09:47","date_gmt":"2019-01-28T10:09:47","guid":{"rendered":"http:\/\/www.kremacezviratostrava.cz\/shop\/?post_type=product&#038;p=2634"},"modified":"2019-02-13T18:34:09","modified_gmt":"2019-02-13T17:34:09","slug":"podstavec-led-3","status":"publish","type":"product","link":"http:\/\/www.kremacezviratostrava.cz\/shop\/produkt\/podstavec-led-3\/","title":{"rendered":"Podstavec LED"},"content":{"rendered":"<p>D\u0159ev\u011bn\u00fd podstavec z&nbsp;Americk\u00e9ho O\u0159echu pod&nbsp;pam\u00e1te\u010dn\u00ed sklo. LED podsv\u011btlen\u00ed v\u00fdrazn\u011b prosv\u011bcuje dekor pam\u00e1te\u010dn\u00edho skla, a&nbsp;t\u00edm n\u00e1sob\u00ed celkov\u00fd efekt t\u011bchto v\u00fdrobk\u016f. Na&nbsp;p\u0159edn\u00ed stranu podstavce lze za p\u0159\u00edplatek p\u00edskovat text.<\/p>\n<p><strong>Rozm\u011bry:<\/strong>\u00a0rozm\u011br 8 x 8 x 3 cm<\/p>\n<p><strong>Text:<\/strong>\u00a0ANO<br \/>\nNa&nbsp;podstavec je mo\u017en\u00e9 p\u0159iobjednat p\u00edskov\u00e1n\u00ed textu.<\/p>\n<p><strong>Dutina na&nbsp;popel:<\/strong>\u00a0NE<\/p>\n<p><strong>Materi\u00e1l:<\/strong>\u00a0D\u0159evo<\/p>\n<p><strong>Um\u00edst\u011bn\u00ed:<\/strong> Interi\u00e9r<\/p>\n<p><strong>Nap\u00e1jen\u00ed:<\/strong> 3 x AAA (baterie nejsou sou\u010d\u00e1st\u00ed v\u00fdrobku)<\/p>\n","protected":false},"excerpt":{"rendered":"<p>D\u0159ev\u011bn\u00fd podstavec \u2013 LED podsv\u00edcen\u00ed<br \/>\n&nbsp;<br \/>\nrozm\u011br 8 x 8 x 3 cm<br \/>\n<span style=\"color: #ce534d;\">B\u011b\u017en\u011b u&nbsp;dodavatele, obvykl\u00e9 dod\u00e1n\u00ed 7-14 dn\u016f<\/span>&hellip; <a class=\"kt-excerpt-readmore more-link\" href=\"http:\/\/www.kremacezviratostrava.cz\/shop\/produkt\/podstavec-led-3\/\">\u010ct\u011bte v\u00edce<\/a><\/p>\n","protected":false},"featured_media":2635,"comment_status":"open","ping_status":"closed","template":"","meta":[],"product_cat":[163],"product_tag":[166],"_links":{"self":[{"href":"http:\/\/www.kremacezviratostrava.cz\/shop\/wp-json\/wp\/v2\/product\/2634"}],"collection":[{"href":"http:\/\/www.kremacezviratostrava.cz\/shop\/wp-json\/wp\/v2\/product"}],"about":[{"href":"http:\/\/www.kremacezviratostrava.cz\/shop\/wp-json\/wp\/v2\/types\/product"}],"replies":[{"embeddable":true,"href":"http:\/\/www.kremacezviratostrava.cz\/shop\/wp-json\/wp\/v2\/comments?post=2634"}],"wp:featuredmedia":[{"embeddable":true,"href":"http:\/\/www.kremacezviratostrava.cz\/shop\/wp-json\/wp\/v2\/media\/2635"}],"wp:attachment":[{"href":"http:\/\/www.kremacezviratostrava.cz\/shop\/wp-json\/wp\/v2\/media?parent=2634"}],"wp:term":[{"taxonomy":"product_cat","embeddable":true,"href":"http:\/\/www.kremacezviratostrava.cz\/shop\/wp-json\/wp\/v2\/product_cat?post=2634"},{"taxonomy":"product_tag","embeddable":true,"href":"http:\/\/www.kremacezviratostrava.cz\/shop\/wp-json\/wp\/v2\/product_tag?post=2634"}],"curies":[{"name":"wp","href":"https:\/\/api.w.org\/{rel}","templated":true}]}}