{"id":2510,"date":"2019-01-24T15:10:05","date_gmt":"2019-01-24T14:10:05","guid":{"rendered":"http:\/\/www.kremacezviratostrava.cz\/shop\/?post_type=product&#038;p=2510"},"modified":"2019-02-13T18:34:24","modified_gmt":"2019-02-13T17:34:24","slug":"privesek-treasure-4","status":"publish","type":"product","link":"http:\/\/www.kremacezviratostrava.cz\/shop\/produkt\/privesek-treasure-4\/","title":{"rendered":"P\u0159\u00edv\u011bsek Treasure\u2122"},"content":{"rendered":"<p>Kolekce \u0161perk\u016f Treasure\u2122 se inspirovala v&nbsp;nad\u010dasov\u00e9m designu luxusn\u00edch uren LoveUrns\u00ae.<br \/>\nKa\u017ed\u00fd \u0161perk tak roz\u0161i\u0159uje nab\u00eddku ji\u017e velmi zn\u00e1m\u00e9 kolekce.<br \/>\nLuxusn\u00ed p\u0159\u00edv\u011bsky jsou vyrobeny z&nbsp;kvalitn\u00edho st\u0159\u00edbra 925 s&nbsp;vnit\u0159n\u00ed dutinou, do&nbsp;kter\u00e9 lze vsypat symbolick\u00e9 mno\u017estv\u00ed popela. V\u0161echny p\u0159\u00edv\u011bsky kolekce Treasure\u2122 se dod\u00e1vaj\u00ed se st\u0159\u00edbrn\u00fdm \u0159et\u00edzkem, luxusn\u00ed d\u0159ev\u011bnou krabi\u010dkou a&nbsp;pln\u00edc\u00edm setem.<\/p>\n<p>Pro maxim\u00e1ln\u00ed propojen\u00ed vzpom\u00ednky, nab\u00edz\u00edme dopl\u0148kov\u00e9 n\u00e1u\u0161nice bez dutiny.<\/p>\n<p><strong>Barva: <\/strong>St\u0159\u00edbrn\u00e1<\/p>\n<p><strong>Rozm\u011bry:<\/strong>\u00a0v\u00fd\u0161ka 1,6 cm<\/p>\n<p><strong>Text:<\/strong>\u00a0NE<\/p>\n<p><strong>Dutina na&nbsp;popel:<\/strong>\u00a0ANO<\/p>\n<p><strong>Materi\u00e1l:<\/strong>\u00a0St\u0159\u00edbro<\/p>\n","protected":false},"excerpt":{"rendered":"<p>St\u0159\u00edbrn\u00fd p\u0159\u00edv\u011bsek Treasure\u2122 na&nbsp;popel s&nbsp;\u0159et\u00edzkem<br \/>\n&nbsp;<br \/>\nv\u00fd\u0161ka 1,6 cm<br \/>\n<span style=\"color: #ce534d;\">B\u011b\u017en\u011b u&nbsp;dodavatele, obvykl\u00e9 dod\u00e1n\u00ed 7-14 dn\u016f<\/span>&hellip; <a class=\"kt-excerpt-readmore more-link\" href=\"http:\/\/www.kremacezviratostrava.cz\/shop\/produkt\/privesek-treasure-4\/\">\u010ct\u011bte v\u00edce<\/a><\/p>\n","protected":false},"featured_media":2511,"comment_status":"open","ping_status":"closed","template":"","meta":[],"product_cat":[76,159,212],"product_tag":[153],"_links":{"self":[{"href":"http:\/\/www.kremacezviratostrava.cz\/shop\/wp-json\/wp\/v2\/product\/2510"}],"collection":[{"href":"http:\/\/www.kremacezviratostrava.cz\/shop\/wp-json\/wp\/v2\/product"}],"about":[{"href":"http:\/\/www.kremacezviratostrava.cz\/shop\/wp-json\/wp\/v2\/types\/product"}],"replies":[{"embeddable":true,"href":"http:\/\/www.kremacezviratostrava.cz\/shop\/wp-json\/wp\/v2\/comments?post=2510"}],"wp:featuredmedia":[{"embeddable":true,"href":"http:\/\/www.kremacezviratostrava.cz\/shop\/wp-json\/wp\/v2\/media\/2511"}],"wp:attachment":[{"href":"http:\/\/www.kremacezviratostrava.cz\/shop\/wp-json\/wp\/v2\/media?parent=2510"}],"wp:term":[{"taxonomy":"product_cat","embeddable":true,"href":"http:\/\/www.kremacezviratostrava.cz\/shop\/wp-json\/wp\/v2\/product_cat?post=2510"},{"taxonomy":"product_tag","embeddable":true,"href":"http:\/\/www.kremacezviratostrava.cz\/shop\/wp-json\/wp\/v2\/product_tag?post=2510"}],"curies":[{"name":"wp","href":"https:\/\/api.w.org\/{rel}","templated":true}]}}