{"id":2490,"date":"2019-01-24T14:36:42","date_gmt":"2019-01-24T13:36:42","guid":{"rendered":"http:\/\/www.kremacezviratostrava.cz\/shop\/?post_type=product&#038;p=2490"},"modified":"2019-02-13T18:34:34","modified_gmt":"2019-02-13T17:34:34","slug":"privesek-26","status":"publish","type":"product","link":"http:\/\/www.kremacezviratostrava.cz\/shop\/produkt\/privesek-26\/","title":{"rendered":"P\u0159\u00edv\u011bsek"},"content":{"rendered":"<p>Luxusn\u00ed p\u0159\u00edv\u011bsek vyroben\u00fd z&nbsp;kvalitn\u00edho st\u0159\u00edbra 925\/1000 s&nbsp;vnit\u0159n\u00ed dutinou, do&nbsp;kter\u00e9 lze vsypat mal\u00e9 mno\u017estv\u00ed popela. Tento vnit\u0159n\u00ed prostor je uzav\u0159en na&nbsp;zadn\u00ed stran\u011b \u0161rouben\u00edm rovn\u011b\u017e ze st\u0159\u00edbra.<\/p>\n<p>K p\u0159\u00edv\u011bsku lze objednat tak\u00e9 st\u0159\u00edbrn\u00fd \u0159et\u00edzek.<\/p>\n<p><strong>Barva: <\/strong>St\u0159\u00edbrn\u00e1<\/p>\n<p><strong>Rozm\u011bry:<\/strong>\u00a0v\u00fd\u0161ka 2,7 cm<\/p>\n<p><strong>Text:<\/strong>\u00a0NE<\/p>\n<p><strong>Dutina na&nbsp;popel:<\/strong>\u00a0ANO<\/p>\n<p><strong>Materi\u00e1l:<\/strong>\u00a0St\u0159\u00edbro<\/p>\n","protected":false},"excerpt":{"rendered":"<p>St\u0159\u00edbrn\u00fd p\u0159\u00edv\u011bsek s&nbsp;prostorem na&nbsp;popel<br \/>\n&nbsp;<br \/>\nv\u00fd\u0161ka 2,7 cm<br \/>\n<span style=\"color: #ce534d;\">B\u011b\u017en\u011b u&nbsp;dodavatele, obvykl\u00e9 dod\u00e1n\u00ed 7-14 dn\u016f<\/span>&hellip; <a class=\"kt-excerpt-readmore more-link\" href=\"http:\/\/www.kremacezviratostrava.cz\/shop\/produkt\/privesek-26\/\">\u010ct\u011bte v\u00edce<\/a><\/p>\n","protected":false},"featured_media":2491,"comment_status":"open","ping_status":"closed","template":"","meta":[],"product_cat":[76,159],"product_tag":[153],"_links":{"self":[{"href":"http:\/\/www.kremacezviratostrava.cz\/shop\/wp-json\/wp\/v2\/product\/2490"}],"collection":[{"href":"http:\/\/www.kremacezviratostrava.cz\/shop\/wp-json\/wp\/v2\/product"}],"about":[{"href":"http:\/\/www.kremacezviratostrava.cz\/shop\/wp-json\/wp\/v2\/types\/product"}],"replies":[{"embeddable":true,"href":"http:\/\/www.kremacezviratostrava.cz\/shop\/wp-json\/wp\/v2\/comments?post=2490"}],"wp:featuredmedia":[{"embeddable":true,"href":"http:\/\/www.kremacezviratostrava.cz\/shop\/wp-json\/wp\/v2\/media\/2491"}],"wp:attachment":[{"href":"http:\/\/www.kremacezviratostrava.cz\/shop\/wp-json\/wp\/v2\/media?parent=2490"}],"wp:term":[{"taxonomy":"product_cat","embeddable":true,"href":"http:\/\/www.kremacezviratostrava.cz\/shop\/wp-json\/wp\/v2\/product_cat?post=2490"},{"taxonomy":"product_tag","embeddable":true,"href":"http:\/\/www.kremacezviratostrava.cz\/shop\/wp-json\/wp\/v2\/product_tag?post=2490"}],"curies":[{"name":"wp","href":"https:\/\/api.w.org\/{rel}","templated":true}]}}