{"id":2437,"date":"2019-01-23T16:26:22","date_gmt":"2019-01-23T15:26:22","guid":{"rendered":"http:\/\/www.kremacezviratostrava.cz\/shop\/?post_type=product&#038;p=2437"},"modified":"2022-07-27T14:54:48","modified_gmt":"2022-07-27T12:54:48","slug":"nausnice-treasure-2","status":"publish","type":"product","link":"http:\/\/www.kremacezviratostrava.cz\/shop\/produkt\/nausnice-treasure-2\/","title":{"rendered":"N\u00e1u\u0161nice Treasure\u2122"},"content":{"rendered":"<p>Kolekce \u0161perk\u016f Treasure\u2122 se inspirovala v&nbsp;nad\u010dasov\u00e9m designu luxusn\u00edch uren\u00a0LoveUrns\u00ae.<br \/>\nKa\u017ed\u00fd \u0161perk tak roz\u0161i\u0159uje nab\u00eddku ji\u017e velmi zn\u00e1m\u00e9 kolekce.<br \/>\nLuxusn\u00ed\u00a0n\u00e1u\u0161nice jsou vyrobeny z&nbsp;kvalitn\u00edho st\u0159\u00edbra 925\u00a0bez dutiny na&nbsp;popel a&nbsp;slou\u017e\u00ed p\u0159edev\u0161\u00edm jako dopln\u011bk k&nbsp;p\u0159\u00edv\u011bsku, n\u00e1ramkov\u00e9mu kor\u00e1lku nebo urn\u011b.<\/p>\n<p>&nbsp;<\/p>\n<p><strong>Barva: <\/strong>Modr\u00e1<\/p>\n<p><strong>Rozm\u011bry:<\/strong>\u00a0v\u00fd\u0161ka 1,0 cm<\/p>\n<p><strong>Text:<\/strong>\u00a0NE<\/p>\n<p><strong>Dutina na&nbsp;popel:<\/strong>\u00a0NE<\/p>\n<p><strong>Materi\u00e1l:<\/strong>\u00a0St\u0159\u00edbro<\/p>\n","protected":false},"excerpt":{"rendered":"<p>St\u0159\u00edbrn\u00e9 n\u00e1u\u0161nice Treasure\u2122<br \/>\n&nbsp;<br \/>\nv\u00fd\u0161ka 1,0 cm<br \/>\n<span style=\"color: #ce534d;\">B\u011b\u017en\u011b u&nbsp;dodavatele, obvykl\u00e9 dod\u00e1n\u00ed 7-14 dn\u016f<\/span>&hellip; <a class=\"kt-excerpt-readmore more-link\" href=\"http:\/\/www.kremacezviratostrava.cz\/shop\/produkt\/nausnice-treasure-2\/\">\u010ct\u011bte v\u00edce<\/a><\/p>\n","protected":false},"featured_media":2438,"comment_status":"open","ping_status":"closed","template":"","meta":[],"product_cat":[154,212],"product_tag":[158],"_links":{"self":[{"href":"http:\/\/www.kremacezviratostrava.cz\/shop\/wp-json\/wp\/v2\/product\/2437"}],"collection":[{"href":"http:\/\/www.kremacezviratostrava.cz\/shop\/wp-json\/wp\/v2\/product"}],"about":[{"href":"http:\/\/www.kremacezviratostrava.cz\/shop\/wp-json\/wp\/v2\/types\/product"}],"replies":[{"embeddable":true,"href":"http:\/\/www.kremacezviratostrava.cz\/shop\/wp-json\/wp\/v2\/comments?post=2437"}],"wp:featuredmedia":[{"embeddable":true,"href":"http:\/\/www.kremacezviratostrava.cz\/shop\/wp-json\/wp\/v2\/media\/2438"}],"wp:attachment":[{"href":"http:\/\/www.kremacezviratostrava.cz\/shop\/wp-json\/wp\/v2\/media?parent=2437"}],"wp:term":[{"taxonomy":"product_cat","embeddable":true,"href":"http:\/\/www.kremacezviratostrava.cz\/shop\/wp-json\/wp\/v2\/product_cat?post=2437"},{"taxonomy":"product_tag","embeddable":true,"href":"http:\/\/www.kremacezviratostrava.cz\/shop\/wp-json\/wp\/v2\/product_tag?post=2437"}],"curies":[{"name":"wp","href":"https:\/\/api.w.org\/{rel}","templated":true}]}}