{"id":2425,"date":"2019-01-23T15:16:36","date_gmt":"2019-01-23T14:16:36","guid":{"rendered":"http:\/\/www.kremacezviratostrava.cz\/shop\/?post_type=product&#038;p=2425"},"modified":"2019-02-13T18:36:35","modified_gmt":"2019-02-13T17:36:35","slug":"koralek","status":"publish","type":"product","link":"http:\/\/www.kremacezviratostrava.cz\/shop\/produkt\/koralek\/","title":{"rendered":"Kor\u00e1lek"},"content":{"rendered":"<p>Luxusn\u00ed n\u00e1ramkov\u00fd kor\u00e1lek se zv\u00ed\u0159ec\u00edmi motivy vyroben\u00fd z&nbsp;kvalitn\u00edho st\u0159\u00edbra 925\/1000 s&nbsp;vnit\u0159n\u00ed dutinou, do&nbsp;kter\u00e9 lze vsypat mal\u00e9 mno\u017estv\u00ed krema\u010dn\u00edho popela. Tento vnit\u0159n\u00ed prostor je uzav\u0159en na&nbsp;zadn\u00ed stran\u011b \u0161rouben\u00edm rovn\u011b\u017e ze st\u0159\u00edbra.<\/p>\n<p>Ke kor\u00e1lku lze objednat tak\u00e9 st\u0159\u00edbrn\u00fd n\u00e1ramek.<\/p>\n<p><strong>Barva: <\/strong>St\u0159\u00edbrn\u00e1<\/p>\n<p><strong>Rozm\u011bry:<\/strong>\u00a0rozm\u011br 13 x 8 mm; hmotnost 4,0 g<\/p>\n<p><strong>Text:<\/strong>\u00a0NE<\/p>\n<p><strong>Dutina na&nbsp;popel:<\/strong>\u00a0ANO<\/p>\n<p><strong>Materi\u00e1l:<\/strong>\u00a0St\u0159\u00edbro<\/p>\n","protected":false},"excerpt":{"rendered":"<p>St\u0159\u00edbrn\u00fd kor\u00e1lek s&nbsp;prostorem na&nbsp;popel<br \/>\n&nbsp;<br \/>\nrozm\u011br 13 x 8 mm; hmotnost 4,0 g<br \/>\n<span style=\"color: #ce534d;\">B\u011b\u017en\u011b u&nbsp;dodavatele, obvykl\u00e9 dod\u00e1n\u00ed 7-14 dn\u016f<\/span>&hellip; <a class=\"kt-excerpt-readmore more-link\" href=\"http:\/\/www.kremacezviratostrava.cz\/shop\/produkt\/koralek\/\">\u010ct\u011bte v\u00edce<\/a><\/p>\n","protected":false},"featured_media":2426,"comment_status":"open","ping_status":"closed","template":"","meta":[],"product_cat":[75,148],"product_tag":[157],"_links":{"self":[{"href":"http:\/\/www.kremacezviratostrava.cz\/shop\/wp-json\/wp\/v2\/product\/2425"}],"collection":[{"href":"http:\/\/www.kremacezviratostrava.cz\/shop\/wp-json\/wp\/v2\/product"}],"about":[{"href":"http:\/\/www.kremacezviratostrava.cz\/shop\/wp-json\/wp\/v2\/types\/product"}],"replies":[{"embeddable":true,"href":"http:\/\/www.kremacezviratostrava.cz\/shop\/wp-json\/wp\/v2\/comments?post=2425"}],"wp:featuredmedia":[{"embeddable":true,"href":"http:\/\/www.kremacezviratostrava.cz\/shop\/wp-json\/wp\/v2\/media\/2426"}],"wp:attachment":[{"href":"http:\/\/www.kremacezviratostrava.cz\/shop\/wp-json\/wp\/v2\/media?parent=2425"}],"wp:term":[{"taxonomy":"product_cat","embeddable":true,"href":"http:\/\/www.kremacezviratostrava.cz\/shop\/wp-json\/wp\/v2\/product_cat?post=2425"},{"taxonomy":"product_tag","embeddable":true,"href":"http:\/\/www.kremacezviratostrava.cz\/shop\/wp-json\/wp\/v2\/product_tag?post=2425"}],"curies":[{"name":"wp","href":"https:\/\/api.w.org\/{rel}","templated":true}]}}