{"id":2324,"date":"2019-01-22T12:50:33","date_gmt":"2019-01-22T11:50:33","guid":{"rendered":"http:\/\/www.kremacezviratostrava.cz\/shop\/?post_type=product&#038;p=2324"},"modified":"2019-02-13T18:37:25","modified_gmt":"2019-02-13T17:37:25","slug":"retizek-50","status":"publish","type":"product","link":"http:\/\/www.kremacezviratostrava.cz\/shop\/produkt\/retizek-50\/","title":{"rendered":"\u0158et\u00edzek 50"},"content":{"rendered":"<p>\u0158et\u00edzek s&nbsp;ploch\u00fdm pr\u016f\u0159ezem je vyroben z&nbsp;kvalitn\u00edho st\u0159\u00edbra 925\/1000.<\/p>\n<p><strong>Barva: <\/strong>St\u0159\u00edbrn\u00e1<\/p>\n<p><strong>Rozm\u011bry:<\/strong>\u00a0d\u00e9lka 50 cm; \u0161\u00ed\u0159ka 2,0 mm; hmotnost 6 g<\/p>\n<p><strong>Text:<\/strong>\u00a0NE<\/p>\n<p><strong>Dutina na&nbsp;popel:<\/strong>\u00a0NE<\/p>\n<p><strong>Materi\u00e1l:<\/strong>\u00a0St\u0159\u00edbro<\/p>\n","protected":false},"excerpt":{"rendered":"<p>\u0158et\u00edzek ze st\u0159\u00edbra 50 cm<br \/>\n&nbsp;<br \/>\nd\u00e9lka 50 cm; \u0161\u00ed\u0159ka 2,0 mm; hmotnost 6 g<br \/>\n<span style=\"color: #ce534d;\">B\u011b\u017en\u011b u&nbsp;dodavatele, obvykl\u00e9 dod\u00e1n\u00ed 7-14 dn\u016f<\/span>&hellip; <a class=\"kt-excerpt-readmore more-link\" href=\"http:\/\/www.kremacezviratostrava.cz\/shop\/produkt\/retizek-50\/\">\u010ct\u011bte v\u00edce<\/a><\/p>\n","protected":false},"featured_media":2325,"comment_status":"open","ping_status":"closed","template":"","meta":[],"product_cat":[154],"product_tag":[155],"_links":{"self":[{"href":"http:\/\/www.kremacezviratostrava.cz\/shop\/wp-json\/wp\/v2\/product\/2324"}],"collection":[{"href":"http:\/\/www.kremacezviratostrava.cz\/shop\/wp-json\/wp\/v2\/product"}],"about":[{"href":"http:\/\/www.kremacezviratostrava.cz\/shop\/wp-json\/wp\/v2\/types\/product"}],"replies":[{"embeddable":true,"href":"http:\/\/www.kremacezviratostrava.cz\/shop\/wp-json\/wp\/v2\/comments?post=2324"}],"wp:featuredmedia":[{"embeddable":true,"href":"http:\/\/www.kremacezviratostrava.cz\/shop\/wp-json\/wp\/v2\/media\/2325"}],"wp:attachment":[{"href":"http:\/\/www.kremacezviratostrava.cz\/shop\/wp-json\/wp\/v2\/media?parent=2324"}],"wp:term":[{"taxonomy":"product_cat","embeddable":true,"href":"http:\/\/www.kremacezviratostrava.cz\/shop\/wp-json\/wp\/v2\/product_cat?post=2324"},{"taxonomy":"product_tag","embeddable":true,"href":"http:\/\/www.kremacezviratostrava.cz\/shop\/wp-json\/wp\/v2\/product_tag?post=2324"}],"curies":[{"name":"wp","href":"https:\/\/api.w.org\/{rel}","templated":true}]}}