{"id":2272,"date":"2019-01-21T17:09:42","date_gmt":"2019-01-21T16:09:42","guid":{"rendered":"http:\/\/www.kremacezviratostrava.cz\/shop\/?post_type=product&#038;p=2272"},"modified":"2022-07-27T14:47:50","modified_gmt":"2022-07-27T12:47:50","slug":"bio-urna-2","status":"publish","type":"product","link":"http:\/\/www.kremacezviratostrava.cz\/shop\/produkt\/bio-urna-2\/","title":{"rendered":"Bio urna"},"content":{"rendered":"<p>Tato bio urna byla navr\u017eena pro poh\u0159ben\u00ed do&nbsp;vody, kde se za kr\u00e1tk\u00fd \u010das zcela rozpust\u00ed. Urna byla vyrobena ze 100&nbsp;% p\u0159\u00edrodn\u00edch, rozlo\u017eiteln\u00fdch materi\u00e1l\u016f. Urnu je mo\u017en\u00e9 rovn\u011b\u017e poh\u0159b\u00edt do&nbsp;zem\u011b.<\/p>\n<p>Vzhledem k&nbsp;objemu 0,8 litru je tento model vhodn\u00fd pouze pro plemena do&nbsp;hmotnosti cca 25 kg*.<\/p>\n<p><strong>Barva: <\/strong>B\u00edl\u00e1<\/p>\n<p><strong>Rozm\u011bry:<\/strong>\u00a0objem 0,8&nbsp;l; v\u00fd\u0161ka 15 cm; hmotnost 1,5&nbsp;kg<\/p>\n<p><strong>Text:<\/strong>\u00a0NE<\/p>\n<p><strong>Um\u00edst\u011bn\u00ed:<\/strong>\u00a0Do vody<\/p>\n<p><em>*uveden\u00e1 hmotnost zv\u00ed\u0159\u00e1tka je pouze orienta\u010dn\u00ed a&nbsp;m\u016f\u017ee se u&nbsp;jednotliv\u00fdch zv\u00ed\u0159at li\u0161it!<\/em><\/p>\n","protected":false},"excerpt":{"rendered":"<p>Bio urna do&nbsp;vody<br \/>\n&nbsp;<br \/>\n<strong>Vhodn\u00e1 pro zv\u00ed\u0159\u00e1tka do&nbsp;25 kg*<\/strong><br \/>\nobjem 0,8&nbsp;l; v\u00fd\u0161ka 15 cm; hmotnost 1,5&nbsp;kg<br \/>\n<span style=\"color: #ce534d;\">B\u011b\u017en\u011b u&nbsp;dodavatele, obvykl\u00e9 dod\u00e1n\u00ed 7-14 dn\u016f<\/span>&hellip; <a class=\"kt-excerpt-readmore more-link\" href=\"http:\/\/www.kremacezviratostrava.cz\/shop\/produkt\/bio-urna-2\/\">\u010ct\u011bte v\u00edce<\/a><\/p>\n","protected":false},"featured_media":2273,"comment_status":"open","ping_status":"closed","template":"","meta":[],"product_cat":[73],"product_tag":[99],"_links":{"self":[{"href":"http:\/\/www.kremacezviratostrava.cz\/shop\/wp-json\/wp\/v2\/product\/2272"}],"collection":[{"href":"http:\/\/www.kremacezviratostrava.cz\/shop\/wp-json\/wp\/v2\/product"}],"about":[{"href":"http:\/\/www.kremacezviratostrava.cz\/shop\/wp-json\/wp\/v2\/types\/product"}],"replies":[{"embeddable":true,"href":"http:\/\/www.kremacezviratostrava.cz\/shop\/wp-json\/wp\/v2\/comments?post=2272"}],"wp:featuredmedia":[{"embeddable":true,"href":"http:\/\/www.kremacezviratostrava.cz\/shop\/wp-json\/wp\/v2\/media\/2273"}],"wp:attachment":[{"href":"http:\/\/www.kremacezviratostrava.cz\/shop\/wp-json\/wp\/v2\/media?parent=2272"}],"wp:term":[{"taxonomy":"product_cat","embeddable":true,"href":"http:\/\/www.kremacezviratostrava.cz\/shop\/wp-json\/wp\/v2\/product_cat?post=2272"},{"taxonomy":"product_tag","embeddable":true,"href":"http:\/\/www.kremacezviratostrava.cz\/shop\/wp-json\/wp\/v2\/product_tag?post=2272"}],"curies":[{"name":"wp","href":"https:\/\/api.w.org\/{rel}","templated":true}]}}