{"id":2268,"date":"2019-01-21T16:54:12","date_gmt":"2019-01-21T15:54:12","guid":{"rendered":"http:\/\/www.kremacezviratostrava.cz\/shop\/?post_type=product&#038;p=2268"},"modified":"2019-02-13T18:37:28","modified_gmt":"2019-02-13T17:37:28","slug":"zahradni-urna-3","status":"publish","type":"product","link":"http:\/\/www.kremacezviratostrava.cz\/shop\/produkt\/zahradni-urna-3\/","title":{"rendered":"Zahradn\u00ed urna"},"content":{"rendered":"<p>Tato zv\u00ed\u0159ec\u00ed plastika m\u016f\u017ee slou\u017eit za \u017eivota zv\u00ed\u0159\u00e1tka jako dekorace v&nbsp;zahrad\u011b a&nbsp;p\u0159i \u00famrt\u00ed a&nbsp;n\u00e1sledn\u00e9 kremaci rovn\u011b\u017e jako urna. Zahradn\u00ed zv\u00ed\u0159ec\u00ed urna je vyrobena z&nbsp;velmi kvalitn\u00ed keramiky, kter\u00e1 je vod\u011b odoln\u00e1. V&nbsp;zimn\u00edch m\u011bs\u00edc\u00edch v\u0161ak doporu\u010dujeme urnu uschovat. Urna m\u00e1 objem 3,0&nbsp;l co\u017e je vhodn\u00e1 velikost pro zv\u00ed\u0159\u00e1tka do&nbsp;hmotnosti cca 60 kg*. Urna se uzav\u00edr\u00e1 na&nbsp;spodn\u00ed stran\u011b.<\/p>\n<p>Vzhledem k&nbsp;objemu 3,0 litru je tento model vhodn\u00fd pouze pro plemena do&nbsp;hmotnosti cca 60 kg*.<\/p>\n<p><strong>Barva: <\/strong>Hn\u011bd\u00e1 keramika<\/p>\n<p><strong>Rozm\u011bry:<\/strong>\u00a0objem 3,0&nbsp;l; v\u00fd\u0161ka 47 cm<\/p>\n<p><strong>Text:<\/strong>\u00a0ANO<br \/>\nNa&nbsp;urnu je mo\u017en\u00e9 p\u0159iobjednat p\u00edskov\u00e1n\u00ed textu.<\/p>\n<p><strong>Um\u00edst\u011bn\u00ed:<\/strong>\u00a0Interi\u00e9r, Exteri\u00e9r<\/p>\n<p><em>*uveden\u00e1 hmotnost zv\u00ed\u0159\u00e1tka je pouze orienta\u010dn\u00ed a&nbsp;m\u016f\u017ee se u&nbsp;jednotliv\u00fdch zv\u00ed\u0159at li\u0161it!<\/em><\/p>\n","protected":false},"excerpt":{"rendered":"<p>Keramick\u00e1 zahradn\u00ed urna<br \/>\n&nbsp;<br \/>\n<strong>Vhodn\u00e1 pro zv\u00ed\u0159\u00e1tka do&nbsp;60 kg*<\/strong><br \/>\nobjem 3,0&nbsp;l; v\u00fd\u0161ka 47 cm<br \/>\n<span style=\"color: #ce534d;\">Zak\u00e1zkov\u00e1 v\u00fdroba<\/span>&hellip; <a class=\"kt-excerpt-readmore more-link\" href=\"http:\/\/www.kremacezviratostrava.cz\/shop\/produkt\/zahradni-urna-3\/\">\u010ct\u011bte v\u00edce<\/a><\/p>\n","protected":false},"featured_media":2269,"comment_status":"open","ping_status":"closed","template":"","meta":[],"product_cat":[70],"product_tag":[99],"_links":{"self":[{"href":"http:\/\/www.kremacezviratostrava.cz\/shop\/wp-json\/wp\/v2\/product\/2268"}],"collection":[{"href":"http:\/\/www.kremacezviratostrava.cz\/shop\/wp-json\/wp\/v2\/product"}],"about":[{"href":"http:\/\/www.kremacezviratostrava.cz\/shop\/wp-json\/wp\/v2\/types\/product"}],"replies":[{"embeddable":true,"href":"http:\/\/www.kremacezviratostrava.cz\/shop\/wp-json\/wp\/v2\/comments?post=2268"}],"wp:featuredmedia":[{"embeddable":true,"href":"http:\/\/www.kremacezviratostrava.cz\/shop\/wp-json\/wp\/v2\/media\/2269"}],"wp:attachment":[{"href":"http:\/\/www.kremacezviratostrava.cz\/shop\/wp-json\/wp\/v2\/media?parent=2268"}],"wp:term":[{"taxonomy":"product_cat","embeddable":true,"href":"http:\/\/www.kremacezviratostrava.cz\/shop\/wp-json\/wp\/v2\/product_cat?post=2268"},{"taxonomy":"product_tag","embeddable":true,"href":"http:\/\/www.kremacezviratostrava.cz\/shop\/wp-json\/wp\/v2\/product_tag?post=2268"}],"curies":[{"name":"wp","href":"https:\/\/api.w.org\/{rel}","templated":true}]}}