{"id":2175,"date":"2019-01-18T14:42:01","date_gmt":"2019-01-18T13:42:01","guid":{"rendered":"http:\/\/www.kremacezviratostrava.cz\/shop\/?post_type=product&#038;p=2175"},"modified":"2019-02-13T18:38:10","modified_gmt":"2019-02-13T17:38:10","slug":"skleneny-ptacek-2","status":"publish","type":"product","link":"http:\/\/www.kremacezviratostrava.cz\/shop\/produkt\/skleneny-ptacek-2\/","title":{"rendered":"Sklen\u011bn\u00fd pt\u00e1\u010dek"},"content":{"rendered":"<p>Sklen\u011bn\u00fd pt\u00e1\u010dek\u00a0je ru\u010dn\u011b vyroben z&nbsp;kvalitn\u00edho k\u0159i\u0161\u0165\u00e1lu skl\u00e1\u0159sk\u00fdm mistrem. Uvnit\u0159 pt\u00e1\u010dka\u00a0je dutina, do&nbsp;n\u00ed\u017e lze vlo\u017eit mal\u00e9 mno\u017estv\u00ed krema\u010dn\u00edho popela, srsti, pe\u0159\u00ed. P\u0159\u00edstup do&nbsp;dutiny v&nbsp;je uzav\u0159en\u00a0kovov\u00fdm \u0161rouben\u00edm. Dutina nen\u00ed pr\u016fhledn\u00e1, tak\u017ee obsah nen\u00ed viditeln\u00fd. Pro zv\u00fd\u0161en\u00ed atraktivity tohoto produktu je pou\u017eito speci\u00e1ln\u00ed barvy skla s&nbsp;t\u0159pytiv\u00fdm efektem. Na&nbsp;v\u00fdrobek je mo\u017en\u00e9 p\u00edskovat text.<\/p>\n<p><strong>Barva: <\/strong>Zelen\u00fd\u00a0aventur\u00edn<\/p>\n<p><strong>Rozm\u011bry:<\/strong>\u00a0objem 0,05&nbsp;l; rozm\u011br 19 x 8 cm; hmotnost 0,5&nbsp;kg<\/p>\n<p><strong>Text:<\/strong>\u00a0ANO<br \/>\nNa&nbsp;urnu je mo\u017en\u00e9 p\u0159iobjednat p\u00edskov\u00e1n\u00ed textu.<\/p>\n<p><strong>Um\u00edst\u011bn\u00ed:<\/strong>\u00a0Interi\u00e9r<\/p>\n","protected":false},"excerpt":{"rendered":"<p>Miniurna sklen\u011bn\u00fd pt\u00e1\u010dek<br \/>\n&nbsp;<br \/>\n<strong>Pro mal\u00e9 mno\u017estv\u00ed popela, srsti, pe\u0159\u00ed<\/strong><br \/>\nobjem 0,05&nbsp;l; rozm\u011br 19 x 8 cm; hmotnost 0,5&nbsp;kg<br \/>\n<span style=\"color: #ce534d;\">B\u011b\u017en\u011b u&nbsp;dodavatele, obvykl\u00e9 dod\u00e1n\u00ed 7-14 dn\u016f<\/span>&hellip; <a class=\"kt-excerpt-readmore more-link\" href=\"http:\/\/www.kremacezviratostrava.cz\/shop\/produkt\/skleneny-ptacek-2\/\">\u010ct\u011bte v\u00edce<\/a><\/p>\n","protected":false},"featured_media":2176,"comment_status":"open","ping_status":"closed","template":"","meta":[],"product_cat":[72,139],"product_tag":[99],"_links":{"self":[{"href":"http:\/\/www.kremacezviratostrava.cz\/shop\/wp-json\/wp\/v2\/product\/2175"}],"collection":[{"href":"http:\/\/www.kremacezviratostrava.cz\/shop\/wp-json\/wp\/v2\/product"}],"about":[{"href":"http:\/\/www.kremacezviratostrava.cz\/shop\/wp-json\/wp\/v2\/types\/product"}],"replies":[{"embeddable":true,"href":"http:\/\/www.kremacezviratostrava.cz\/shop\/wp-json\/wp\/v2\/comments?post=2175"}],"wp:featuredmedia":[{"embeddable":true,"href":"http:\/\/www.kremacezviratostrava.cz\/shop\/wp-json\/wp\/v2\/media\/2176"}],"wp:attachment":[{"href":"http:\/\/www.kremacezviratostrava.cz\/shop\/wp-json\/wp\/v2\/media?parent=2175"}],"wp:term":[{"taxonomy":"product_cat","embeddable":true,"href":"http:\/\/www.kremacezviratostrava.cz\/shop\/wp-json\/wp\/v2\/product_cat?post=2175"},{"taxonomy":"product_tag","embeddable":true,"href":"http:\/\/www.kremacezviratostrava.cz\/shop\/wp-json\/wp\/v2\/product_tag?post=2175"}],"curies":[{"name":"wp","href":"https:\/\/api.w.org\/{rel}","templated":true}]}}