{"id":2079,"date":"2019-01-17T17:58:56","date_gmt":"2019-01-17T16:58:56","guid":{"rendered":"http:\/\/www.kremacezviratostrava.cz\/shop\/?post_type=product&#038;p=2079"},"modified":"2024-05-24T11:10:26","modified_gmt":"2024-05-24T09:10:26","slug":"urna-sklenena-19","status":"publish","type":"product","link":"http:\/\/www.kremacezviratostrava.cz\/shop\/produkt\/urna-sklenena-19\/","title":{"rendered":"Urna sklen\u011bn\u00e1"},"content":{"rendered":"<p>Sklen\u011bn\u00e9\u00a0zv\u00ed\u0159ec\u00ed urni\u010dky jsou ru\u010dn\u011b vyrobeny ve&nbsp;skl\u00e1\u0159sk\u00e9m studiu Memory Crystal<b>\u00ae<\/b>. Celkov\u00fd efekt t\u00e9to kolekce tvo\u0159\u00ed kombinace metalick\u00e9ho n\u00e1st\u0159iku uvnit\u0159 urny a&nbsp;p\u00edskovan\u00fdch zv\u00ed\u0159ec\u00edch pacek. Samotn\u00fd popel je chr\u00e1n\u011bn sat\u00e9nov\u00fdm s\u00e1\u010dkem, kter\u00fd se vkl\u00e1d\u00e1 do&nbsp;urny.<\/p>\n<p>Vzhledem k&nbsp;objemu a\u017e 1,9 litru je tento model vhodn\u00fd\u00a0pro zv\u00ed\u0159\u00e1tka do&nbsp;hmotnosti 60 kg*.<\/p>\n<p><strong>Barva:\u00a0<\/strong>Cappuccino<\/p>\n<p><strong>Text:<\/strong>\u00a0ANO<br \/>\nNa&nbsp;urnu je mo\u017en\u00e9 p\u0159iobjednat p\u00edskov\u00e1n\u00ed textu.<\/p>\n<p><strong>Um\u00edst\u011bn\u00ed:<\/strong>\u00a0Interi\u00e9r<\/p>\n<p><em>*uveden\u00e1 hmotnost zv\u00ed\u0159\u00e1tka je pouze orienta\u010dn\u00ed a&nbsp;m\u016f\u017ee se u&nbsp;jednotliv\u00fdch zv\u00ed\u0159at li\u0161it!<\/em><\/p>\n","protected":false},"excerpt":{"rendered":"<p>Sklen\u011bn\u00e1\u00a0urna pro zv\u00ed\u0159\u00e1tka&hellip; <a class=\"kt-excerpt-readmore more-link\" href=\"http:\/\/www.kremacezviratostrava.cz\/shop\/produkt\/urna-sklenena-19\/\">\u010ct\u011bte v\u00edce<\/a><\/p>\n","protected":false},"featured_media":2083,"comment_status":"open","ping_status":"closed","template":"","meta":[],"product_cat":[72,138],"product_tag":[99],"_links":{"self":[{"href":"http:\/\/www.kremacezviratostrava.cz\/shop\/wp-json\/wp\/v2\/product\/2079"}],"collection":[{"href":"http:\/\/www.kremacezviratostrava.cz\/shop\/wp-json\/wp\/v2\/product"}],"about":[{"href":"http:\/\/www.kremacezviratostrava.cz\/shop\/wp-json\/wp\/v2\/types\/product"}],"replies":[{"embeddable":true,"href":"http:\/\/www.kremacezviratostrava.cz\/shop\/wp-json\/wp\/v2\/comments?post=2079"}],"wp:featuredmedia":[{"embeddable":true,"href":"http:\/\/www.kremacezviratostrava.cz\/shop\/wp-json\/wp\/v2\/media\/2083"}],"wp:attachment":[{"href":"http:\/\/www.kremacezviratostrava.cz\/shop\/wp-json\/wp\/v2\/media?parent=2079"}],"wp:term":[{"taxonomy":"product_cat","embeddable":true,"href":"http:\/\/www.kremacezviratostrava.cz\/shop\/wp-json\/wp\/v2\/product_cat?post=2079"},{"taxonomy":"product_tag","embeddable":true,"href":"http:\/\/www.kremacezviratostrava.cz\/shop\/wp-json\/wp\/v2\/product_tag?post=2079"}],"curies":[{"name":"wp","href":"https:\/\/api.w.org\/{rel}","templated":true}]}}