{"id":2015,"date":"2019-01-17T15:25:10","date_gmt":"2019-01-17T14:25:10","guid":{"rendered":"http:\/\/www.kremacezviratostrava.cz\/shop\/?post_type=product&#038;p=2015"},"modified":"2019-02-13T18:39:13","modified_gmt":"2019-02-13T17:39:13","slug":"urna-sklenena-11","status":"publish","type":"product","link":"http:\/\/www.kremacezviratostrava.cz\/shop\/produkt\/urna-sklenena-11\/","title":{"rendered":"Urna sklen\u011bn\u00e1"},"content":{"rendered":"<p>Sklen\u011bn\u00e9\u00a0zv\u00ed\u0159ec\u00ed urni\u010dky jsou ru\u010dn\u011b vyrobeny ve&nbsp;skl\u00e1\u0159sk\u00e9m studiu Memory Crystal<b>\u00ae<\/b>. Celkov\u00fd efekt t\u00e9to kolekce tvo\u0159\u00ed kombinace metalick\u00e9ho n\u00e1st\u0159iku uvnit\u0159 urny, p\u00edskov\u00e1n\u00ed paci\u010dek a&nbsp;srd\u00ed\u010dko sestaven\u00e9 z&nbsp;kamen\u016f Swarovski<b>\u00ae<\/b>.\u00a0Ve\u0161ker\u00e9 urny Premium maj\u00ed speci\u00e1ln\u00ed uzav\u00edrac\u00ed syst\u00e9m z&nbsp;nerezov\u00e9 oceli, kter\u00fd v\u00fdrazn\u011b podtrh\u00e1v\u00e1 exkluzivitu t\u00e9to kolekce.\u00a0Samotn\u00fd popel je chr\u00e1n\u011bn sat\u00e9nov\u00fdm s\u00e1\u010dkem, kter\u00fd se vkl\u00e1d\u00e1 do&nbsp;urny.<\/p>\n<p><strong>Barva:\u00a0<\/strong>Rezav\u011bhn\u011bd\u00e1<\/p>\n<p><strong>Text:<\/strong>\u00a0ANO<br \/>\nNa&nbsp;urnu je mo\u017en\u00e9 p\u0159iobjednat p\u00edskov\u00e1n\u00ed textu.<\/p>\n<p><strong>Um\u00edst\u011bn\u00ed:<\/strong>\u00a0Interi\u00e9r<\/p>\n<p><strong>Extra:<\/strong>\u00a0Kameny Swarovski<\/p>\n<p><em>*uveden\u00e1 hmotnost zv\u00ed\u0159\u00e1tka je pouze orienta\u010dn\u00ed a&nbsp;m\u016f\u017ee se u&nbsp;jednotliv\u00fdch zv\u00ed\u0159at li\u0161it!<\/em><\/p>\n","protected":false},"excerpt":{"rendered":"<p>Sklen\u011bn\u00e1\u00a0urna pro zv\u00ed\u0159\u00e1tka s&nbsp;kameny Swarovski&hellip; <a class=\"kt-excerpt-readmore more-link\" href=\"http:\/\/www.kremacezviratostrava.cz\/shop\/produkt\/urna-sklenena-11\/\">\u010ct\u011bte v\u00edce<\/a><\/p>\n","protected":false},"featured_media":2018,"comment_status":"open","ping_status":"closed","template":"","meta":[],"product_cat":[72,133],"product_tag":[99],"_links":{"self":[{"href":"http:\/\/www.kremacezviratostrava.cz\/shop\/wp-json\/wp\/v2\/product\/2015"}],"collection":[{"href":"http:\/\/www.kremacezviratostrava.cz\/shop\/wp-json\/wp\/v2\/product"}],"about":[{"href":"http:\/\/www.kremacezviratostrava.cz\/shop\/wp-json\/wp\/v2\/types\/product"}],"replies":[{"embeddable":true,"href":"http:\/\/www.kremacezviratostrava.cz\/shop\/wp-json\/wp\/v2\/comments?post=2015"}],"wp:featuredmedia":[{"embeddable":true,"href":"http:\/\/www.kremacezviratostrava.cz\/shop\/wp-json\/wp\/v2\/media\/2018"}],"wp:attachment":[{"href":"http:\/\/www.kremacezviratostrava.cz\/shop\/wp-json\/wp\/v2\/media?parent=2015"}],"wp:term":[{"taxonomy":"product_cat","embeddable":true,"href":"http:\/\/www.kremacezviratostrava.cz\/shop\/wp-json\/wp\/v2\/product_cat?post=2015"},{"taxonomy":"product_tag","embeddable":true,"href":"http:\/\/www.kremacezviratostrava.cz\/shop\/wp-json\/wp\/v2\/product_tag?post=2015"}],"curies":[{"name":"wp","href":"https:\/\/api.w.org\/{rel}","templated":true}]}}