{"id":1742,"date":"2019-01-15T16:49:06","date_gmt":"2019-01-15T15:49:06","guid":{"rendered":"http:\/\/www.kremacezviratostrava.cz\/shop\/?post_type=product&#038;p=1742"},"modified":"2019-02-13T18:40:28","modified_gmt":"2019-02-13T17:40:28","slug":"urna-kovova-4","status":"publish","type":"product","link":"http:\/\/www.kremacezviratostrava.cz\/shop\/produkt\/urna-kovova-4\/","title":{"rendered":"Urna kovov\u00e1"},"content":{"rendered":"<p>Tato velmi obl\u00edben\u00e1 urni\u010dka je vyroben\u00e1 z&nbsp;mosazi\u00a0od spole\u010dnosti LoveUrns<b>\u00ae<\/b>, kter\u00e1 je sv\u011btovou jedni\u010dkou ve&nbsp;v\u00fdrob\u011b kovov\u00fdch\u00a0uren. D\u00edky\u00a0modern\u00edm design\u016fm, ru\u010dn\u00ed rytin\u011b zv\u00ed\u0159ec\u00edch motiv\u016f a&nbsp;kvalitn\u00edmu zpracov\u00e1n\u00ed pat\u0159\u00ed tato kolekce k&nbsp;exkluzivn\u00ed nab\u00eddce.\u00a0Urni\u010dka se uzav\u00edr\u00e1 v&nbsp;horn\u00ed \u010d\u00e1sti z\u00e1vitem.<\/p>\n<p><strong>Text:<\/strong>\u00a0NE<br \/>\nNa&nbsp;urnu nelze p\u00edskovat text, d\u00edky speci\u00e1ln\u00ed povrchov\u00e9 \u00faprav\u011b, kter\u00e1 chr\u00e1n\u00ed urnu p\u0159ed vn\u011bj\u0161\u00edmi vlivy.<\/p>\n<p><strong>Um\u00edst\u011bn\u00ed:<\/strong>\u00a0interi\u00e9r<\/p>\n<p><em>*uveden\u00e1 hmotnost zv\u00ed\u0159\u00e1tka je pouze orienta\u010dn\u00ed a&nbsp;m\u016f\u017ee se u&nbsp;jednotliv\u00fdch zv\u00ed\u0159at li\u0161it!<\/em><\/p>\n","protected":false},"excerpt":{"rendered":"<p>Mosazn\u00e1 urna pro zv\u00ed\u0159\u00e1tka&hellip; <a class=\"kt-excerpt-readmore more-link\" href=\"http:\/\/www.kremacezviratostrava.cz\/shop\/produkt\/urna-kovova-4\/\">\u010ct\u011bte v\u00edce<\/a><\/p>\n","protected":false},"featured_media":1747,"comment_status":"open","ping_status":"closed","template":"","meta":[],"product_cat":[69],"product_tag":[99],"_links":{"self":[{"href":"http:\/\/www.kremacezviratostrava.cz\/shop\/wp-json\/wp\/v2\/product\/1742"}],"collection":[{"href":"http:\/\/www.kremacezviratostrava.cz\/shop\/wp-json\/wp\/v2\/product"}],"about":[{"href":"http:\/\/www.kremacezviratostrava.cz\/shop\/wp-json\/wp\/v2\/types\/product"}],"replies":[{"embeddable":true,"href":"http:\/\/www.kremacezviratostrava.cz\/shop\/wp-json\/wp\/v2\/comments?post=1742"}],"wp:featuredmedia":[{"embeddable":true,"href":"http:\/\/www.kremacezviratostrava.cz\/shop\/wp-json\/wp\/v2\/media\/1747"}],"wp:attachment":[{"href":"http:\/\/www.kremacezviratostrava.cz\/shop\/wp-json\/wp\/v2\/media?parent=1742"}],"wp:term":[{"taxonomy":"product_cat","embeddable":true,"href":"http:\/\/www.kremacezviratostrava.cz\/shop\/wp-json\/wp\/v2\/product_cat?post=1742"},{"taxonomy":"product_tag","embeddable":true,"href":"http:\/\/www.kremacezviratostrava.cz\/shop\/wp-json\/wp\/v2\/product_tag?post=1742"}],"curies":[{"name":"wp","href":"https:\/\/api.w.org\/{rel}","templated":true}]}}