{"id":1703,"date":"2019-01-14T17:15:10","date_gmt":"2019-01-14T16:15:10","guid":{"rendered":"http:\/\/www.kremacezviratostrava.cz\/shop\/?post_type=product&#038;p=1703"},"modified":"2019-02-13T18:40:16","modified_gmt":"2019-02-13T17:40:16","slug":"urna-srdicko-kopirovat-2","status":"publish","type":"product","link":"http:\/\/www.kremacezviratostrava.cz\/shop\/produkt\/urna-srdicko-kopirovat-2\/","title":{"rendered":"Urna srd\u00ed\u010dko"},"content":{"rendered":"<p>Mosazn\u00e1 urni\u010dka ve&nbsp;tvaru srd\u00ed\u010dka je vyroben\u00e1 z&nbsp;mosazi\u00a0od spole\u010dnosti LoveUrns<b>\u00ae<\/b>, kter\u00e1 je sv\u011btovou jedni\u010dkou ve&nbsp;v\u00fdrob\u011b kovov\u00fdch\u00a0uren. D\u00edky\u00a0modern\u00edmu designu a&nbsp;kvalitn\u00edmu zpracov\u00e1n\u00ed pat\u0159\u00ed tato kolekce k&nbsp;exkluzivn\u00ed nab\u00eddce.\u00a0Urni\u010dka se uzav\u00edr\u00e1 ve&nbsp;spodn\u00ed \u010d\u00e1sti z\u00e1vitem.<\/p>\n<p>Vzhledem k&nbsp;objemu a\u017e do&nbsp;0,8 litru je tento model vhodn\u00fd pouze pro plemena\u00a0do hmotnosti cca 25 kg*.<\/p>\n<p><strong>Barva:\u00a0<\/strong>St\u0159\u00edbrn\u00e1<\/p>\n<p><strong>Text:<\/strong>\u00a0NE<br \/>\nNa&nbsp;urnu nelze p\u00edskovat text, d\u00edky speci\u00e1ln\u00ed povrchov\u00e9 \u00faprav\u011b, kter\u00e1 chr\u00e1n\u00ed urnu p\u0159ed vn\u011bj\u0161\u00edmi vlivy.<\/p>\n<p><strong>Um\u00edst\u011bn\u00ed:<\/strong>\u00a0Interi\u00e9r<\/p>\n<p><strong>Extra:<\/strong>\u00a0Sou\u010d\u00e1st\u00ed v\u00fdrobku je luxusn\u00ed sametov\u00e1 krabi\u010dka.\u00a0Speci\u00e1ln\u00ed stoj\u00e1nek pod&nbsp;srd\u00ed\u010dko \u201eHUH STAND\u201c je nutn\u00e9\u00a0p\u0159iobjednat.<\/p>\n<p><em>*uveden\u00e1 hmotnost zv\u00ed\u0159\u00e1tka je pouze orienta\u010dn\u00ed a&nbsp;m\u016f\u017ee se u&nbsp;jednotliv\u00fdch zv\u00ed\u0159at li\u0161it!<\/em><\/p>\n","protected":false},"excerpt":{"rendered":"<p>Mosazn\u00e1 urna pro zv\u00ed\u0159\u00e1tka ve&nbsp;tvaru srdce&hellip; <a class=\"kt-excerpt-readmore more-link\" href=\"http:\/\/www.kremacezviratostrava.cz\/shop\/produkt\/urna-srdicko-kopirovat-2\/\">\u010ct\u011bte v\u00edce<\/a><\/p>\n","protected":false},"featured_media":1707,"comment_status":"open","ping_status":"closed","template":"","meta":[],"product_cat":[69],"product_tag":[99],"_links":{"self":[{"href":"http:\/\/www.kremacezviratostrava.cz\/shop\/wp-json\/wp\/v2\/product\/1703"}],"collection":[{"href":"http:\/\/www.kremacezviratostrava.cz\/shop\/wp-json\/wp\/v2\/product"}],"about":[{"href":"http:\/\/www.kremacezviratostrava.cz\/shop\/wp-json\/wp\/v2\/types\/product"}],"replies":[{"embeddable":true,"href":"http:\/\/www.kremacezviratostrava.cz\/shop\/wp-json\/wp\/v2\/comments?post=1703"}],"wp:featuredmedia":[{"embeddable":true,"href":"http:\/\/www.kremacezviratostrava.cz\/shop\/wp-json\/wp\/v2\/media\/1707"}],"wp:attachment":[{"href":"http:\/\/www.kremacezviratostrava.cz\/shop\/wp-json\/wp\/v2\/media?parent=1703"}],"wp:term":[{"taxonomy":"product_cat","embeddable":true,"href":"http:\/\/www.kremacezviratostrava.cz\/shop\/wp-json\/wp\/v2\/product_cat?post=1703"},{"taxonomy":"product_tag","embeddable":true,"href":"http:\/\/www.kremacezviratostrava.cz\/shop\/wp-json\/wp\/v2\/product_tag?post=1703"}],"curies":[{"name":"wp","href":"https:\/\/api.w.org\/{rel}","templated":true}]}}