{"id":2198,"date":"2019-01-18T17:28:14","date_gmt":"2019-01-18T16:28:14","guid":{"rendered":"http:\/\/www.kremacezviratostrava.cz\/shop\/?page_id=2198"},"modified":"2022-07-21T15:44:34","modified_gmt":"2022-07-21T13:44:34","slug":"wishlist","status":"publish","type":"page","link":"http:\/\/www.kremacezviratostrava.cz\/shop\/wishlist\/","title":{"rendered":"M\u016fj seznam p\u0159\u00e1n\u00ed"},"content":{"rendered":"<ul>\n<li>Seznam p\u0159\u00e1n\u00ed slou\u017e\u00ed k&nbsp;ulo\u017een\u00ed a&nbsp;editaci, v\u00e1mi ozna\u010den\u00fdch produkt\u016f, p\u0159ed jejich p\u0159\u00edpadn\u00fdm p\u0159esunut\u00edm do&nbsp;ko\u0161\u00edk\u016f.<\/li>\n<li>U nep\u0159ihl\u00e1\u0161en\u00fdch u\u017eivatel\u016f lze obl\u00edben\u00e9 produkty ulo\u017eit pouze kr\u00e1tkodob\u011b.<\/li>\n<li>V p\u0159\u00edpad\u011b p\u0159ihl\u00e1\u0161en\u00e9ho u\u017eivatele nen\u00ed doba omezena.<\/li>\n<\/ul>\n<div class=\"tinv-wishlist woocommerce\">\n\t<div class=\"tinv-header\">\n\t<h2>Seznam p\u0159\u00e1n\u00ed<\/h2>\n\t<\/div>\n\t\t<p class=\"cart-empty woocommerce-info\">\n\t\t\t\t\tSeznam p\u0159\u00e1n\u00ed je moment\u00e1ln\u011b pr\u00e1zdn\u00fd.\t\t\t<\/p>\n\n\t\n\t<p class=\"return-to-shop\">\n\t\t<a class=\"button wc-backward\"\n\t\t   href=\"http:\/\/www.kremacezviratostrava.cz\/shop\/obchod\/\">Zp\u011bt do obchodu<\/a>\n\t<\/p>\n<\/div>\n\n","protected":false},"excerpt":{"rendered":"<p>Seznam p\u0159\u00e1n\u00ed slou\u017e\u00ed k&nbsp;ulo\u017een\u00ed a&nbsp;editaci, v\u00e1mi ozna\u010den\u00fdch produkt\u016f, p\u0159ed jejich p\u0159\u00edpadn\u00fdm p\u0159esunut\u00edm do&nbsp;ko\u0161\u00edk\u016f. U&nbsp;nep\u0159ihl\u00e1\u0161en\u00fdch u\u017eivatel\u016f lze obl\u00edben\u00e9 produkty ulo\u017eit pouze kr\u00e1tkodob\u011b. V&nbsp;p\u0159\u00edpad\u011b p\u0159ihl\u00e1\u0161en\u00e9ho u\u017eivatele nen\u00ed doba omezena.<\/p>\n","protected":false},"author":1,"featured_media":0,"parent":0,"menu_order":0,"comment_status":"closed","ping_status":"closed","template":"","meta":[],"_links":{"self":[{"href":"http:\/\/www.kremacezviratostrava.cz\/shop\/wp-json\/wp\/v2\/pages\/2198"}],"collection":[{"href":"http:\/\/www.kremacezviratostrava.cz\/shop\/wp-json\/wp\/v2\/pages"}],"about":[{"href":"http:\/\/www.kremacezviratostrava.cz\/shop\/wp-json\/wp\/v2\/types\/page"}],"author":[{"embeddable":true,"href":"http:\/\/www.kremacezviratostrava.cz\/shop\/wp-json\/wp\/v2\/users\/1"}],"replies":[{"embeddable":true,"href":"http:\/\/www.kremacezviratostrava.cz\/shop\/wp-json\/wp\/v2\/comments?post=2198"}],"version-history":[{"count":10,"href":"http:\/\/www.kremacezviratostrava.cz\/shop\/wp-json\/wp\/v2\/pages\/2198\/revisions"}],"predecessor-version":[{"id":2319,"href":"http:\/\/www.kremacezviratostrava.cz\/shop\/wp-json\/wp\/v2\/pages\/2198\/revisions\/2319"}],"wp:attachment":[{"href":"http:\/\/www.kremacezviratostrava.cz\/shop\/wp-json\/wp\/v2\/media?parent=2198"}],"curies":[{"name":"wp","href":"https:\/\/api.w.org\/{rel}","templated":true}]}}