{"id":1264,"date":"2018-11-28T10:59:07","date_gmt":"2018-11-28T09:59:07","guid":{"rendered":"http:\/\/www.kremacezviratostrava.cz\/shop\/?page_id=1264"},"modified":"2022-07-29T14:01:29","modified_gmt":"2022-07-29T12:01:29","slug":"kontakty","status":"publish","type":"page","link":"http:\/\/www.kremacezviratostrava.cz\/shop\/kontakty\/","title":{"rendered":"Kontakty"},"content":{"rendered":"\t\t<div data-elementor-type=\"wp-page\" data-elementor-id=\"1264\" class=\"elementor elementor-1264\">\n\t\t\t\t\t\t\t\t\t<section class=\"elementor-section elementor-top-section elementor-element elementor-element-0af03f9 elementor-section-full_width animated-fast elementor-section-height-default elementor-section-height-default elementor-invisible\" data-id=\"0af03f9\" data-element_type=\"section\" data-settings=\"{&quot;animation&quot;:&quot;fadeInUp&quot;}\">\n\t\t\t\t\t\t<div class=\"elementor-container elementor-column-gap-default\">\n\t\t\t\t\t<div class=\"elementor-column elementor-col-50 elementor-top-column elementor-element elementor-element-0eb3612\" data-id=\"0eb3612\" data-element_type=\"column\">\n\t\t\t<div class=\"elementor-widget-wrap elementor-element-populated\">\n\t\t\t\t\t\t\t\t<div class=\"elementor-element elementor-element-ab48bff elementor-widget elementor-widget-image\" data-id=\"ab48bff\" data-element_type=\"widget\" data-widget_type=\"image.default\">\n\t\t\t\t<div class=\"elementor-widget-container\">\n\t\t\t<style>\/*! elementor - v3.6.6 - 08-06-2022 *\/\n.elementor-widget-image{text-align:center}.elementor-widget-image a{display:inline-block}.elementor-widget-image a img[src$=\".svg\"]{width:48px}.elementor-widget-image img{vertical-align:middle;display:inline-block}<\/style>\t\t\t\t\t\t\t\t\t\t\t\t<img width=\"60\" height=\"40\" src=\"http:\/\/www.kremacezviratostrava.cz\/shop\/wp-content\/uploads\/2022\/07\/flag_logo.jpg\" class=\"attachment-large size-large\" alt=\"\" loading=\"lazy\" \/>\t\t\t\t\t\t\t\t\t\t\t\t\t\t\t<\/div>\n\t\t\t\t<\/div>\n\t\t\t\t\t<\/div>\n\t\t<\/div>\n\t\t\t\t<div class=\"elementor-column elementor-col-50 elementor-top-column elementor-element elementor-element-7183506\" data-id=\"7183506\" data-element_type=\"column\">\n\t\t\t<div class=\"elementor-widget-wrap elementor-element-populated\">\n\t\t\t\t\t\t\t\t<div class=\"elementor-element elementor-element-649e05f elementor-widget elementor-widget-heading\" data-id=\"649e05f\" data-element_type=\"widget\" data-widget_type=\"heading.default\">\n\t\t\t\t<div class=\"elementor-widget-container\">\n\t\t\t<style>\/*! elementor - v3.6.6 - 08-06-2022 *\/\n.elementor-heading-title{padding:0;margin:0;line-height:1}.elementor-widget-heading .elementor-heading-title[class*=elementor-size-]>a{color:inherit;font-size:inherit;line-height:inherit}.elementor-widget-heading .elementor-heading-title.elementor-size-small{font-size:15px}.elementor-widget-heading .elementor-heading-title.elementor-size-medium{font-size:19px}.elementor-widget-heading .elementor-heading-title.elementor-size-large{font-size:29px}.elementor-widget-heading .elementor-heading-title.elementor-size-xl{font-size:39px}.elementor-widget-heading .elementor-heading-title.elementor-size-xxl{font-size:59px}<\/style><h4 class=\"elementor-heading-title elementor-size-default\">Krematorium zv\u00ed\u0159at Ostrava, s.r.o.<\/h4>\t\t<\/div>\n\t\t\t\t<\/div>\n\t\t\t\t\t<\/div>\n\t\t<\/div>\n\t\t\t\t\t\t\t<\/div>\n\t\t<\/section>\n\t\t\t\t<section class=\"elementor-section elementor-top-section elementor-element elementor-element-4db3859 elementor-section-full_width animated-fast elementor-section-height-default elementor-section-height-default elementor-invisible\" data-id=\"4db3859\" data-element_type=\"section\" data-settings=\"{&quot;animation&quot;:&quot;fadeInUp&quot;}\">\n\t\t\t\t\t\t<div class=\"elementor-container elementor-column-gap-default\">\n\t\t\t\t\t<div class=\"elementor-column elementor-col-50 elementor-top-column elementor-element elementor-element-ba4437d\" data-id=\"ba4437d\" data-element_type=\"column\">\n\t\t\t<div class=\"elementor-widget-wrap elementor-element-populated\">\n\t\t\t\t\t\t\t\t<div class=\"elementor-element elementor-element-b49a7d3 elementor-view-framed elementor-shape-square elementor-position-left elementor-mobile-position-left elementor-vertical-align-top elementor-widget elementor-widget-icon-box\" data-id=\"b49a7d3\" data-element_type=\"widget\" data-widget_type=\"icon-box.default\">\n\t\t\t\t<div class=\"elementor-widget-container\">\n\t\t\t<link rel=\"stylesheet\" href=\"http:\/\/www.kremacezviratostrava.cz\/shop\/wp-content\/plugins\/elementor\/assets\/css\/widget-icon-box.min.css\">\t\t<div class=\"elementor-icon-box-wrapper\">\n\t\t\t\t\t\t<div class=\"elementor-icon-box-icon\">\n\t\t\t\t<span class=\"elementor-icon elementor-animation-\" >\n\t\t\t\t<svg xmlns=\"http:\/\/www.w3.org\/2000\/svg\" width=\"24\" height=\"24\"><path d=\"M5 22h14a2 2 0 0 0 2-2v-9a1 1 0 0 0-.29-.71l-8-8a1 1 0 0 0-1.41 0l-8 8A1 1 0 0 0 3 11v9a2 2 0 0 0 2 2zm5-2v-5h4v5zm-5-8.59 7-7 7 7V20h-3v-5a2 2 0 0 0-2-2h-4a2 2 0 0 0-2 2v5H5z\"><\/path><\/svg>\t\t\t\t<\/span>\n\t\t\t<\/div>\n\t\t\t\t\t\t<div class=\"elementor-icon-box-content\">\n\t\t\t\t<h3 class=\"elementor-icon-box-title\">\n\t\t\t\t\t<span  >\n\t\t\t\t\t\tAdresa\t\t\t\t\t<\/span>\n\t\t\t\t<\/h3>\n\t\t\t\t\t\t\t\t\t<p class=\"elementor-icon-box-description\">\n\t\t\t\t\t\t<br>\n<p style=\"color:#84909E\">\nJ\u00edlov\u00e1 2229\/26<br>\n702&nbsp;00 Ostrava<br>\n\u010cesk\u00e1 republika<br>\n<\/p>\t\t\t\t\t<\/p>\n\t\t\t\t\t\t\t<\/div>\n\t\t<\/div>\n\t\t\t\t<\/div>\n\t\t\t\t<\/div>\n\t\t\t\t\t<\/div>\n\t\t<\/div>\n\t\t\t\t<div class=\"elementor-column elementor-col-50 elementor-top-column elementor-element elementor-element-191ce18\" data-id=\"191ce18\" data-element_type=\"column\">\n\t\t\t<div class=\"elementor-widget-wrap elementor-element-populated\">\n\t\t\t\t\t\t\t\t<div class=\"elementor-element elementor-element-66338c2 elementor-view-framed elementor-shape-square elementor-position-left elementor-mobile-position-left elementor-vertical-align-top elementor-widget elementor-widget-icon-box\" data-id=\"66338c2\" data-element_type=\"widget\" data-widget_type=\"icon-box.default\">\n\t\t\t\t<div class=\"elementor-widget-container\">\n\t\t\t\t\t<div class=\"elementor-icon-box-wrapper\">\n\t\t\t\t\t\t<div class=\"elementor-icon-box-icon\">\n\t\t\t\t<span class=\"elementor-icon elementor-animation-\" >\n\t\t\t\t<svg xmlns=\"http:\/\/www.w3.org\/2000\/svg\" width=\"24\" height=\"24\"><path d=\"M5.5 15a3.51 3.51 0 0 0 2.36-.93l6.26 3.58a3.06 3.06 0 0 0-.12.85 3.53 3.53 0 1 0 1.14-2.57l-6.26-3.58a2.74 2.74 0 0 0 .12-.76l6.15-3.52A3.49 3.49 0 1 0 14 5.5a3.35 3.35 0 0 0 .12.85L8.43 9.6A3.5 3.5 0 1 0 5.5 15zm12 2a1.5 1.5 0 1 1-1.5 1.5 1.5 1.5 0 0 1 1.5-1.5zm0-13A1.5 1.5 0 1 1 16 5.5 1.5 1.5 0 0 1 17.5 4zm-12 6A1.5 1.5 0 1 1 4 11.5 1.5 1.5 0 0 1 5.5 10z\"><\/path><\/svg>\t\t\t\t<\/span>\n\t\t\t<\/div>\n\t\t\t\t\t\t<div class=\"elementor-icon-box-content\">\n\t\t\t\t<h3 class=\"elementor-icon-box-title\">\n\t\t\t\t\t<span  >\n\t\t\t\t\t\tSoci\u00e1ln\u00ed s\u00edt\u011b\t\t\t\t\t<\/span>\n\t\t\t\t<\/h3>\n\t\t\t\t\t\t\t\t\t<p class=\"elementor-icon-box-description\">\n\t\t\t\t\t\t<br> <p class=\"box--unset\">\n              <a href=\"https:\/\/twitter.com\/KZOstrava\" class=\"twitter\" title=\"twitter\" transition: all .3s target=\"_blank\" rel=\"noopener\"><span class=\"kt-icon-twitter\" style=\"margin-right: 0.5em\"><\/span>Twitter<\/a><br>\n              <a href=\"https:\/\/www.facebook.com\/KrematoriumZviratOstrava\/#\" class=\"facebook\" title=\"facebook\" transition: all .3s target=\"_blank\" rel=\"noopener\"><span class=\"kt-icon-facebook\" style=\"margin-right: 0.9em\"><\/span>Facebook<\/a><br>\n              <a href=\"https:\/\/www.youtube.com\/channel\/UC6Fxd8ZI6NiNHoXdeHGEAeA\/featured\" class=\"youtube\" title=\"youtube\" transition: all .3s target=\"_blank\" rel=\"noopener\"><span class=\"kt-icon-youtube\" style=\"margin-right: 0.65em\"><\/span>Youtube<\/a>\n            <\/p>\t\t\t\t\t\t<\/p>\n\t\t\t\t\t\t\t<\/div>\n\t\t<\/div>\n\t\t\t\t<\/div>\n\t\t\t\t<\/div>\n\t\t\t\t\t<\/div>\n\t\t<\/div>\n\t\t\t\t\t\t\t<\/div>\n\t\t<\/section>\n\t\t\t\t<section class=\"elementor-section elementor-top-section elementor-element elementor-element-7d2c1b1 elementor-section-full_width animated-fast elementor-section-height-default elementor-section-height-default elementor-invisible\" data-id=\"7d2c1b1\" data-element_type=\"section\" data-settings=\"{&quot;animation&quot;:&quot;fadeInUp&quot;}\">\n\t\t\t\t\t\t<div class=\"elementor-container elementor-column-gap-default\">\n\t\t\t\t\t<div class=\"elementor-column elementor-col-50 elementor-top-column elementor-element elementor-element-4fe75f1\" data-id=\"4fe75f1\" data-element_type=\"column\">\n\t\t\t<div class=\"elementor-widget-wrap elementor-element-populated\">\n\t\t\t\t\t\t\t\t<div class=\"elementor-element elementor-element-74063ad elementor-view-framed elementor-shape-square elementor-position-left elementor-mobile-position-left elementor-vertical-align-top elementor-widget elementor-widget-icon-box\" data-id=\"74063ad\" data-element_type=\"widget\" data-widget_type=\"icon-box.default\">\n\t\t\t\t<div class=\"elementor-widget-container\">\n\t\t\t\t\t<div class=\"elementor-icon-box-wrapper\">\n\t\t\t\t\t\t<div class=\"elementor-icon-box-icon\">\n\t\t\t\t<span class=\"elementor-icon elementor-animation-\" >\n\t\t\t\t<svg xmlns=\"http:\/\/www.w3.org\/2000\/svg\" width=\"24\" height=\"24\"><path d=\"M16.57 22a2 2 0 0 0 1.43-.59l2.71-2.71a1 1 0 0 0 0-1.41l-4-4a1 1 0 0 0-1.41 0l-1.6 1.59a7.55 7.55 0 0 1-3-1.59 7.62 7.62 0 0 1-1.59-3l1.59-1.6a1 1 0 0 0 0-1.41l-4-4a1 1 0 0 0-1.41 0L2.59 6A2 2 0 0 0 2 7.43 15.28 15.28 0 0 0 6.3 17.7 15.28 15.28 0 0 0 16.57 22zM6 5.41 8.59 8 7.3 9.29a1 1 0 0 0-.3.91 10.12 10.12 0 0 0 2.3 4.5 10.08 10.08 0 0 0 4.5 2.3 1 1 0 0 0 .91-.27L16 15.41 18.59 18l-2 2a13.28 13.28 0 0 1-8.87-3.71A13.28 13.28 0 0 1 4 7.41zM20 11h2a8.81 8.81 0 0 0-9-9v2a6.77 6.77 0 0 1 7 7z\"><\/path><path d=\"M13 8c2.1 0 3 .9 3 3h2c0-3.22-1.78-5-5-5z\"><\/path><\/svg>\t\t\t\t<\/span>\n\t\t\t<\/div>\n\t\t\t\t\t\t<div class=\"elementor-icon-box-content\">\n\t\t\t\t<h3 class=\"elementor-icon-box-title\">\n\t\t\t\t\t<span  >\n\t\t\t\t\t\tTelefon\t\t\t\t\t<\/span>\n\t\t\t\t<\/h3>\n\t\t\t\t\t\t\t\t\t<p class=\"elementor-icon-box-description\">\n\t\t\t\t\t\t<br> <p style=\"color:#84909E\" >+420 XXX XXX XXX<\/p>\t\t\t\t\t<\/p>\n\t\t\t\t\t\t\t<\/div>\n\t\t<\/div>\n\t\t\t\t<\/div>\n\t\t\t\t<\/div>\n\t\t\t\t\t<\/div>\n\t\t<\/div>\n\t\t\t\t<div class=\"elementor-column elementor-col-50 elementor-top-column elementor-element elementor-element-c2ea903\" data-id=\"c2ea903\" data-element_type=\"column\">\n\t\t\t<div class=\"elementor-widget-wrap elementor-element-populated\">\n\t\t\t\t\t\t\t\t<div class=\"elementor-element elementor-element-a0a0459 elementor-view-framed elementor-shape-square elementor-position-left elementor-mobile-position-left elementor-vertical-align-top elementor-widget elementor-widget-icon-box\" data-id=\"a0a0459\" data-element_type=\"widget\" data-widget_type=\"icon-box.default\">\n\t\t\t\t<div class=\"elementor-widget-container\">\n\t\t\t\t\t<div class=\"elementor-icon-box-wrapper\">\n\t\t\t\t\t\t<div class=\"elementor-icon-box-icon\">\n\t\t\t\t<span class=\"elementor-icon elementor-animation-\" >\n\t\t\t\t<svg xmlns=\"http:\/\/www.w3.org\/2000\/svg\" width=\"24\" height=\"24\"><path d=\"M20 4H4c-1.103 0-2 .897-2 2v12c0 1.103.897 2 2 2h16c1.103 0 2-.897 2-2V6c0-1.103-.897-2-2-2zm0 2v.511l-8 6.223-8-6.222V6h16zM4 18V9.044l7.386 5.745a.994.994 0 0 0 1.228 0L20 9.044 20.002 18H4z\"><\/path><\/svg>\t\t\t\t<\/span>\n\t\t\t<\/div>\n\t\t\t\t\t\t<div class=\"elementor-icon-box-content\">\n\t\t\t\t<h3 class=\"elementor-icon-box-title\">\n\t\t\t\t\t<span  >\n\t\t\t\t\t\tEmail\t\t\t\t\t<\/span>\n\t\t\t\t<\/h3>\n\t\t\t\t\t\t\t\t\t<p class=\"elementor-icon-box-description\">\n\t\t\t\t\t\t<br><p><a id=\"email\" onclick='openMailer(this);' class=\"as-color-email-kontakty\" style=\"cursor: pointer\" rel=\"nofollow\">Otev\u0159\u00edt<\/a><a id=\"email\" onclick='openMailer1(this);' class=\"as-color-email-kontakty\" style=\"margin-left: 10px; cursor: help\" rel=\"nofollow\">Zobrazit<\/a><\/p>\t\t\t\t\t<\/p>\n\t\t\t\t\t\t\t<\/div>\n\t\t<\/div>\n\t\t\t\t<\/div>\n\t\t\t\t<\/div>\n\t\t\t\t\t<\/div>\n\t\t<\/div>\n\t\t\t\t\t\t\t<\/div>\n\t\t<\/section>\n\t\t\t\t<section class=\"elementor-section elementor-top-section elementor-element elementor-element-588be8d elementor-section-full_width animated-fast elementor-section-height-default elementor-section-height-default elementor-invisible\" data-id=\"588be8d\" data-element_type=\"section\" data-settings=\"{&quot;animation&quot;:&quot;fadeInUp&quot;}\">\n\t\t\t\t\t\t<div class=\"elementor-container elementor-column-gap-default\">\n\t\t\t\t\t<div class=\"elementor-column elementor-col-50 elementor-top-column elementor-element elementor-element-fb14fdd\" data-id=\"fb14fdd\" data-element_type=\"column\">\n\t\t\t<div class=\"elementor-widget-wrap elementor-element-populated\">\n\t\t\t\t\t\t\t\t<div class=\"elementor-element elementor-element-1ef4375 elementor-view-framed elementor-shape-square elementor-position-left elementor-mobile-position-left elementor-vertical-align-top elementor-widget elementor-widget-icon-box\" data-id=\"1ef4375\" data-element_type=\"widget\" data-widget_type=\"icon-box.default\">\n\t\t\t\t<div class=\"elementor-widget-container\">\n\t\t\t\t\t<div class=\"elementor-icon-box-wrapper\">\n\t\t\t\t\t\t<div class=\"elementor-icon-box-icon\">\n\t\t\t\t<span class=\"elementor-icon elementor-animation-\" >\n\t\t\t\t<svg xmlns=\"http:\/\/www.w3.org\/2000\/svg\" width=\"24\" height=\"24\"><path d=\"M12 14c2.206 0 4-1.794 4-4s-1.794-4-4-4-4 1.794-4 4 1.794 4 4 4zm0-6c1.103 0 2 .897 2 2s-.897 2-2 2-2-.897-2-2 .897-2 2-2z\"><\/path><path d=\"M11.42 21.814a.998.998 0 0 0 1.16 0C12.884 21.599 20.029 16.44 20 10c0-4.411-3.589-8-8-8S4 5.589 4 9.995c-.029 6.445 7.116 11.604 7.42 11.819zM12 4c3.309 0 6 2.691 6 6.005.021 4.438-4.388 8.423-6 9.73-1.611-1.308-6.021-5.294-6-9.735 0-3.309 2.691-6 6-6z\"><\/path><\/svg>\t\t\t\t<\/span>\n\t\t\t<\/div>\n\t\t\t\t\t\t<div class=\"elementor-icon-box-content\">\n\t\t\t\t<h3 class=\"elementor-icon-box-title\">\n\t\t\t\t\t<span  >\n\t\t\t\t\t\tMapy Google\t\t\t\t\t<\/span>\n\t\t\t\t<\/h3>\n\t\t\t\t\t\t\t\t\t<p class=\"elementor-icon-box-description\">\n\t\t\t\t\t\t<br><p class=\"text-decoration-line-through\"><a href=\"#\" target=\"_blank\" rel=\"noopener\" class=\"as-color-email-kontakty\">Zobrazit v&nbsp;nov\u00e9m okn\u011b<\/a><\/p>\t\t\t\t\t<\/p>\n\t\t\t\t\t\t\t<\/div>\n\t\t<\/div>\n\t\t\t\t<\/div>\n\t\t\t\t<\/div>\n\t\t\t\t\t<\/div>\n\t\t<\/div>\n\t\t\t\t<div class=\"elementor-column elementor-col-50 elementor-top-column elementor-element elementor-element-c15e43e\" data-id=\"c15e43e\" data-element_type=\"column\">\n\t\t\t<div class=\"elementor-widget-wrap elementor-element-populated\">\n\t\t\t\t\t\t\t\t<div class=\"elementor-element elementor-element-bf7138a elementor-view-framed elementor-shape-square elementor-position-left elementor-mobile-position-left elementor-vertical-align-top elementor-widget elementor-widget-icon-box\" data-id=\"bf7138a\" data-element_type=\"widget\" data-widget_type=\"icon-box.default\">\n\t\t\t\t<div class=\"elementor-widget-container\">\n\t\t\t\t\t<div class=\"elementor-icon-box-wrapper\">\n\t\t\t\t\t\t<div class=\"elementor-icon-box-icon\">\n\t\t\t\t<span class=\"elementor-icon elementor-animation-\" >\n\t\t\t\t<svg xmlns=\"http:\/\/www.w3.org\/2000\/svg\" width=\"24\" height=\"24\"><path d=\"M12 14c2.206 0 4-1.794 4-4s-1.794-4-4-4-4 1.794-4 4 1.794 4 4 4zm0-6c1.103 0 2 .897 2 2s-.897 2-2 2-2-.897-2-2 .897-2 2-2z\"><\/path><path d=\"M11.42 21.814a.998.998 0 0 0 1.16 0C12.884 21.599 20.029 16.44 20 10c0-4.411-3.589-8-8-8S4 5.589 4 9.995c-.029 6.445 7.116 11.604 7.42 11.819zM12 4c3.309 0 6 2.691 6 6.005.021 4.438-4.388 8.423-6 9.73-1.611-1.308-6.021-5.294-6-9.735 0-3.309 2.691-6 6-6z\"><\/path><\/svg>\t\t\t\t<\/span>\n\t\t\t<\/div>\n\t\t\t\t\t\t<div class=\"elementor-icon-box-content\">\n\t\t\t\t<h3 class=\"elementor-icon-box-title\">\n\t\t\t\t\t<span  >\n\t\t\t\t\t\tMapy seznam\t\t\t\t\t<\/span>\n\t\t\t\t<\/h3>\n\t\t\t\t\t\t\t\t\t<p class=\"elementor-icon-box-description\">\n\t\t\t\t\t\t<br><p class=\"text-decoration-line-through\"><a href=\"#\" target=\"_blank\" rel=\"noopener\" class=\"as-color-email-kontakty\">Zobrazit v&nbsp;nov\u00e9m okn\u011b<\/a><\/p>\t\t\t\t\t<\/p>\n\t\t\t\t\t\t\t<\/div>\n\t\t<\/div>\n\t\t\t\t<\/div>\n\t\t\t\t<\/div>\n\t\t\t\t\t<\/div>\n\t\t<\/div>\n\t\t\t\t\t\t\t<\/div>\n\t\t<\/section>\n\t\t\t\t\t\t\t<\/div>\n\t\t","protected":false},"excerpt":{"rendered":"<p>Krematorium zv\u00ed\u0159at Ostrava, s.r.o. Adresa J\u00edlov\u00e1 2229\/26&nbsp;702&nbsp;00 Ostrava \u010cesk\u00e1 republika Soci\u00e1ln\u00ed s\u00edt\u011b Twitter Facebook Youtube Telefon +420 XXX XXX XXX Email Otev\u0159\u00edtZobrazit Mapy Google Zobrazit v&nbsp;nov\u00e9m okn\u011b Mapy seznam Zobrazit v&nbsp;nov\u00e9m okn\u011b<\/p>\n","protected":false},"author":1,"featured_media":0,"parent":0,"menu_order":0,"comment_status":"closed","ping_status":"closed","template":"","meta":[],"_links":{"self":[{"href":"http:\/\/www.kremacezviratostrava.cz\/shop\/wp-json\/wp\/v2\/pages\/1264"}],"collection":[{"href":"http:\/\/www.kremacezviratostrava.cz\/shop\/wp-json\/wp\/v2\/pages"}],"about":[{"href":"http:\/\/www.kremacezviratostrava.cz\/shop\/wp-json\/wp\/v2\/types\/page"}],"author":[{"embeddable":true,"href":"http:\/\/www.kremacezviratostrava.cz\/shop\/wp-json\/wp\/v2\/users\/1"}],"replies":[{"embeddable":true,"href":"http:\/\/www.kremacezviratostrava.cz\/shop\/wp-json\/wp\/v2\/comments?post=1264"}],"version-history":[{"count":192,"href":"http:\/\/www.kremacezviratostrava.cz\/shop\/wp-json\/wp\/v2\/pages\/1264\/revisions"}],"predecessor-version":[{"id":5947,"href":"http:\/\/www.kremacezviratostrava.cz\/shop\/wp-json\/wp\/v2\/pages\/1264\/revisions\/5947"}],"wp:attachment":[{"href":"http:\/\/www.kremacezviratostrava.cz\/shop\/wp-json\/wp\/v2\/media?parent=1264"}],"curies":[{"name":"wp","href":"https:\/\/api.w.org\/{rel}","templated":true}]}}